{"id":2358,"date":"2026-03-03T17:05:30","date_gmt":"2026-03-03T15:05:30","guid":{"rendered":"https:\/\/relaxed-galois.46-30-124-30.plesk.page\/?page_id=2358"},"modified":"2026-03-04T12:06:08","modified_gmt":"2026-03-04T10:06:08","slug":"sif-lotto","status":"publish","type":"page","link":"https:\/\/relaxed-galois.46-30-124-30.plesk.page\/?page_id=2358","title":{"rendered":"SIF lotto"},"content":{"rendered":"<h3><strong>SIF Lotto \u2013 st\u00f8t foreningen og vind!<\/strong><\/h3>\n<p>Vil du st\u00f8tte Stoholm Idr\u00e6tsforening og samtidig have mulighed for at vinde pr\u00e6mier hver m\u00e5ned? S\u00e5 er <strong>SIF Lotto<\/strong> noget for dig!<\/p>\n<p><strong>S\u00e5dan fungerer det:<\/strong><\/p>\n<ul>\n<li>Et lod koster <strong>150 kr. pr. \u00e5r<\/strong><\/li>\n<li>Der er <strong>kun 200 lodnumre<\/strong>, s\u00e5 dine vinderchancer er gode!<\/li>\n<li>Hver m\u00e5ned tr\u00e6kkes <strong>4 gevinster<\/strong>:\n<ul>\n<li>1 x 200 kr.<\/li>\n<li>1 x 100 kr.<\/li>\n<li>2 x 50 kr.<\/li>\n<\/ul>\n<\/li>\n<\/ul>\n<p><strong>Betaling og tilmelding:<\/strong><\/p>\n<ul>\n<li>Opkr\u00e6vning udsendes i <strong>januar\/februar<\/strong><\/li>\n<li>Sidste frist for betaling er <strong> marts<\/strong><\/li>\n<li>Hvis et lod ikke betales, bliver det frigivet til andre interesserede<\/li>\n<\/ul>\n<p><strong>Kontakt:<\/strong> Hvis du vil v\u00e6re med, s\u00e5 kontakt:<\/p>\n<p>Trine Karlsen p\u00e5 <a href=\"mailto:sif-kasserer@hotmail.com\">sif-kasserer@hotmail.com<\/a><\/p>\n<p>F\u00f8lg udtr\u00e6kningen p\u00e5 vores Facebook side<\/p>\n","protected":false},"excerpt":{"rendered":"<p>SIF Lotto \u2013 st\u00f8t foreningen og vind! Vil du st\u00f8tte Stoholm Idr\u00e6tsforening og samtidig have mulighed for at vinde pr\u00e6mier hver m\u00e5ned? S\u00e5 er SIF Lotto noget for dig! S\u00e5dan fungerer det: Et lod koster 150 kr. pr. \u00e5r Der er kun 200 lodnumre, s\u00e5 dine vinderchancer er gode! Hver m\u00e5ned tr\u00e6kkes 4 gevinster: 1 [&hellip;]<\/p>\n","protected":false},"author":4,"featured_media":1894,"parent":26,"menu_order":0,"comment_status":"closed","ping_status":"closed","template":"","meta":{"_et_pb_use_builder":"","_et_pb_old_content":"","_et_gb_content_width":"","footnotes":""},"class_list":["post-2358","page","type-page","status-publish","has-post-thumbnail","hentry"],"_links":{"self":[{"href":"https:\/\/relaxed-galois.46-30-124-30.plesk.page\/index.php?rest_route=\/wp\/v2\/pages\/2358","targetHints":{"allow":["GET"]}}],"collection":[{"href":"https:\/\/relaxed-galois.46-30-124-30.plesk.page\/index.php?rest_route=\/wp\/v2\/pages"}],"about":[{"href":"https:\/\/relaxed-galois.46-30-124-30.plesk.page\/index.php?rest_route=\/wp\/v2\/types\/page"}],"author":[{"embeddable":true,"href":"https:\/\/relaxed-galois.46-30-124-30.plesk.page\/index.php?rest_route=\/wp\/v2\/users\/4"}],"replies":[{"embeddable":true,"href":"https:\/\/relaxed-galois.46-30-124-30.plesk.page\/index.php?rest_route=%2Fwp%2Fv2%2Fcomments&post=2358"}],"version-history":[{"count":3,"href":"https:\/\/relaxed-galois.46-30-124-30.plesk.page\/index.php?rest_route=\/wp\/v2\/pages\/2358\/revisions"}],"predecessor-version":[{"id":2495,"href":"https:\/\/relaxed-galois.46-30-124-30.plesk.page\/index.php?rest_route=\/wp\/v2\/pages\/2358\/revisions\/2495"}],"up":[{"embeddable":true,"href":"https:\/\/relaxed-galois.46-30-124-30.plesk.page\/index.php?rest_route=\/wp\/v2\/pages\/26"}],"wp:featuredmedia":[{"embeddable":true,"href":"https:\/\/relaxed-galois.46-30-124-30.plesk.page\/index.php?rest_route=\/wp\/v2\/media\/1894"}],"wp:attachment":[{"href":"https:\/\/relaxed-galois.46-30-124-30.plesk.page\/index.php?rest_route=%2Fwp%2Fv2%2Fmedia&parent=2358"}],"curies":[{"name":"wp","href":"https:\/\/api.w.org\/{rel}","templated":true}]}}