{"id":2361,"date":"2026-03-03T17:05:40","date_gmt":"2026-03-03T15:05:40","guid":{"rendered":"https:\/\/relaxed-galois.46-30-124-30.plesk.page\/?page_id=2361"},"modified":"2026-03-04T12:06:43","modified_gmt":"2026-03-04T10:06:43","slug":"link-til-fb","status":"publish","type":"page","link":"https:\/\/relaxed-galois.46-30-124-30.plesk.page\/?page_id=2361","title":{"rendered":"Link til FB"},"content":{"rendered":"<h3><strong>F\u00f8lg med i hverdagen i Stoholm Idr\u00e6tsforening<\/strong><\/h3>\n<p>Vil du v\u00e6re opdateret p\u00e5, kampe, arrangementer og nyheder fra vores afdelinger?<\/p>\n<p>S\u00e5 f\u00f8lg <strong>Stoholm Idr\u00e6tsforening p\u00e5 Facebook<\/strong>, hvor vi l\u00f8bende deler opslag fra gymnastik, h\u00e5ndbold, atletik og fodbold \u2013 samt f\u00e6lles aktiviteter og informationer fra foreningen.<\/p>\n<h3><strong>\ud83d\udfe6 F\u00f8lg os p\u00e5 Facebook<\/strong><\/h3>\n<p>\ud83d\udccc <strong>F\u00e6lles side<\/strong><\/p>\n<p>\ud83d\udc49 Stoholm Idr\u00e6tsforening <a href=\"https:\/\/www.facebook.com\/profile.php?id=100057415752477&amp;locale=da_DK\">https:\/\/www.facebook.com\/profile.php?id=100057415752477&amp;locale=da_DK<\/a><\/p>\n<p>&nbsp;<\/p>\n<p>\ud83d\udccc <strong>Gymnastik<\/strong><\/p>\n<p>\ud83d\udc49 Stoholm IF &#8211; Gymnastik<br \/>\n<a href=\"https:\/\/www.facebook.com\/fjendsgf?locale=da_DK\"><em>https:\/\/www.facebook.com\/fjendsgf?locale=da_DK<\/em><\/a><\/p>\n<p><em>\u00a0<\/em><\/p>\n<p>\ud83d\udccc <strong>H\u00e5ndbold<\/strong><\/p>\n<p>\ud83d\udc49 <a href=\"https:\/\/www.facebook.com\/Stoholm-IF-H%C3%A5ndbold-617133211659269\/\">Stoholm IF H\u00e5ndbold<\/a><\/p>\n<p>\ud83d\udccc <strong>Atletik (op til 9 \u00e5r)<\/strong><\/p>\n<p>\ud83d\udc49 <a href=\"https:\/\/www.facebook.com\/groups\/642831199243475\/members\/\">Stoholm IF Atletik<\/a><\/p>\n<p>\ud83d\udccc <strong>Fodbold<\/strong><\/p>\n<p>\ud83d\udc49 <a href=\"https:\/\/www.facebook.com\/stoholmfodbold?locale=da_DK\">https:\/\/www.facebook.com\/stoholmfodbold?locale=da_DK<\/a><\/p>\n<p>&nbsp;<\/p>\n<p>Her f\u00e5r du et indblik i hverdagen i foreningen, og du kan nemt komme i kontakt med os, stille sp\u00f8rgsm\u00e5l eller dele dine oplevelser.<\/p>\n","protected":false},"excerpt":{"rendered":"<p>F\u00f8lg med i hverdagen i Stoholm Idr\u00e6tsforening Vil du v\u00e6re opdateret p\u00e5, kampe, arrangementer og nyheder fra vores afdelinger? S\u00e5 f\u00f8lg Stoholm Idr\u00e6tsforening p\u00e5 Facebook, hvor vi l\u00f8bende deler opslag fra gymnastik, h\u00e5ndbold, atletik og fodbold \u2013 samt f\u00e6lles aktiviteter og informationer fra foreningen. \ud83d\udfe6 F\u00f8lg os p\u00e5 Facebook \ud83d\udccc F\u00e6lles side \ud83d\udc49 Stoholm Idr\u00e6tsforening [&hellip;]<\/p>\n","protected":false},"author":4,"featured_media":1894,"parent":26,"menu_order":0,"comment_status":"closed","ping_status":"closed","template":"","meta":{"_et_pb_use_builder":"","_et_pb_old_content":"","_et_gb_content_width":"","footnotes":""},"class_list":["post-2361","page","type-page","status-publish","has-post-thumbnail","hentry"],"_links":{"self":[{"href":"https:\/\/relaxed-galois.46-30-124-30.plesk.page\/index.php?rest_route=\/wp\/v2\/pages\/2361","targetHints":{"allow":["GET"]}}],"collection":[{"href":"https:\/\/relaxed-galois.46-30-124-30.plesk.page\/index.php?rest_route=\/wp\/v2\/pages"}],"about":[{"href":"https:\/\/relaxed-galois.46-30-124-30.plesk.page\/index.php?rest_route=\/wp\/v2\/types\/page"}],"author":[{"embeddable":true,"href":"https:\/\/relaxed-galois.46-30-124-30.plesk.page\/index.php?rest_route=\/wp\/v2\/users\/4"}],"replies":[{"embeddable":true,"href":"https:\/\/relaxed-galois.46-30-124-30.plesk.page\/index.php?rest_route=%2Fwp%2Fv2%2Fcomments&post=2361"}],"version-history":[{"count":2,"href":"https:\/\/relaxed-galois.46-30-124-30.plesk.page\/index.php?rest_route=\/wp\/v2\/pages\/2361\/revisions"}],"predecessor-version":[{"id":2496,"href":"https:\/\/relaxed-galois.46-30-124-30.plesk.page\/index.php?rest_route=\/wp\/v2\/pages\/2361\/revisions\/2496"}],"up":[{"embeddable":true,"href":"https:\/\/relaxed-galois.46-30-124-30.plesk.page\/index.php?rest_route=\/wp\/v2\/pages\/26"}],"wp:featuredmedia":[{"embeddable":true,"href":"https:\/\/relaxed-galois.46-30-124-30.plesk.page\/index.php?rest_route=\/wp\/v2\/media\/1894"}],"wp:attachment":[{"href":"https:\/\/relaxed-galois.46-30-124-30.plesk.page\/index.php?rest_route=%2Fwp%2Fv2%2Fmedia&parent=2361"}],"curies":[{"name":"wp","href":"https:\/\/api.w.org\/{rel}","templated":true}]}}