{"id":2364,"date":"2026-03-03T17:05:52","date_gmt":"2026-03-03T15:05:52","guid":{"rendered":"https:\/\/relaxed-galois.46-30-124-30.plesk.page\/?page_id=2364"},"modified":"2026-03-04T12:07:02","modified_gmt":"2026-03-04T10:07:02","slug":"ok-aftale","status":"publish","type":"page","link":"https:\/\/relaxed-galois.46-30-124-30.plesk.page\/?page_id=2364","title":{"rendered":"OK- aftale"},"content":{"rendered":"<h3><strong>St\u00f8t Stoholm Idr\u00e6tsforening \u2013 helt enkelt med OK<\/strong><\/h3>\n<p>Du kan st\u00f8tte Stoholm Idr\u00e6tsforening <strong>uden at det koster dig ekstra<\/strong> \u2013 blot ved at tanke benzin eller k\u00f8be el hos OK!<\/p>\n<p>N\u00e5r du v\u00e6lger OK som leverand\u00f8r og tilknytter Stoholm IF som din st\u00f8tteforening, modtager vi et \u00f8konomisk bidrag fra OK <strong>hver gang du tanker eller bruger str\u00f8m<\/strong>. Det er en nem og effektiv m\u00e5de at st\u00f8tte det lokale idr\u00e6tsliv p\u00e5 \u2013 og det g\u00f8r en reel forskel for vores aktiviteter og f\u00e6llesskab.<\/p>\n<h4><strong>S\u00e5dan g\u00f8r du:<\/strong><\/h4>\n<ul>\n<li>Tank med OK\u2019s <strong>benzinkort eller OK app<\/strong><\/li>\n<li>V\u00e6lg <strong>Stoholm Idr\u00e6tsforening<\/strong> som st\u00f8tteform\u00e5l<\/li>\n<li>Brug kortet hver gang du tanker \u2013 s\u00e5 st\u00f8tter du automatisk<\/li>\n<\/ul>\n<p>Du kan ogs\u00e5 st\u00f8tte os ved at v\u00e6lge OK som <strong>el-leverand\u00f8r<\/strong> \u2013 her f\u00e5r vi et ekstra bidrag, n\u00e5r du b\u00e5de har el og tankning hos OK.<\/p>\n<p>\ud83d\udc49 L\u00e6s mere og tilmeld dig her<\/p>\n<p><a href=\"https:\/\/www.ok.dk\/privat\/stoet-lokalt\/saadan-stoetter-du\">S\u00e5dan st\u00f8tter du lokalt sammen med OK<br \/>\n<\/a>\u00a0Tak for din st\u00f8tte \u2013 den g\u00f8r en forskel for b\u00f8rn, unge og voksne i Stoholm IF!<\/p>\n","protected":false},"excerpt":{"rendered":"<p>St\u00f8t Stoholm Idr\u00e6tsforening \u2013 helt enkelt med OK Du kan st\u00f8tte Stoholm Idr\u00e6tsforening uden at det koster dig ekstra \u2013 blot ved at tanke benzin eller k\u00f8be el hos OK! N\u00e5r du v\u00e6lger OK som leverand\u00f8r og tilknytter Stoholm IF som din st\u00f8tteforening, modtager vi et \u00f8konomisk bidrag fra OK hver gang du tanker eller [&hellip;]<\/p>\n","protected":false},"author":4,"featured_media":1894,"parent":26,"menu_order":0,"comment_status":"closed","ping_status":"closed","template":"","meta":{"_et_pb_use_builder":"","_et_pb_old_content":"","_et_gb_content_width":"","footnotes":""},"class_list":["post-2364","page","type-page","status-publish","has-post-thumbnail","hentry"],"_links":{"self":[{"href":"https:\/\/relaxed-galois.46-30-124-30.plesk.page\/index.php?rest_route=\/wp\/v2\/pages\/2364","targetHints":{"allow":["GET"]}}],"collection":[{"href":"https:\/\/relaxed-galois.46-30-124-30.plesk.page\/index.php?rest_route=\/wp\/v2\/pages"}],"about":[{"href":"https:\/\/relaxed-galois.46-30-124-30.plesk.page\/index.php?rest_route=\/wp\/v2\/types\/page"}],"author":[{"embeddable":true,"href":"https:\/\/relaxed-galois.46-30-124-30.plesk.page\/index.php?rest_route=\/wp\/v2\/users\/4"}],"replies":[{"embeddable":true,"href":"https:\/\/relaxed-galois.46-30-124-30.plesk.page\/index.php?rest_route=%2Fwp%2Fv2%2Fcomments&post=2364"}],"version-history":[{"count":2,"href":"https:\/\/relaxed-galois.46-30-124-30.plesk.page\/index.php?rest_route=\/wp\/v2\/pages\/2364\/revisions"}],"predecessor-version":[{"id":2497,"href":"https:\/\/relaxed-galois.46-30-124-30.plesk.page\/index.php?rest_route=\/wp\/v2\/pages\/2364\/revisions\/2497"}],"up":[{"embeddable":true,"href":"https:\/\/relaxed-galois.46-30-124-30.plesk.page\/index.php?rest_route=\/wp\/v2\/pages\/26"}],"wp:featuredmedia":[{"embeddable":true,"href":"https:\/\/relaxed-galois.46-30-124-30.plesk.page\/index.php?rest_route=\/wp\/v2\/media\/1894"}],"wp:attachment":[{"href":"https:\/\/relaxed-galois.46-30-124-30.plesk.page\/index.php?rest_route=%2Fwp%2Fv2%2Fmedia&parent=2364"}],"curies":[{"name":"wp","href":"https:\/\/api.w.org\/{rel}","templated":true}]}}