{"id":2370,"date":"2026-03-03T17:06:07","date_gmt":"2026-03-03T15:06:07","guid":{"rendered":"https:\/\/relaxed-galois.46-30-124-30.plesk.page\/?page_id=2370"},"modified":"2026-03-04T12:07:33","modified_gmt":"2026-03-04T10:07:33","slug":"frivillige","status":"publish","type":"page","link":"https:\/\/relaxed-galois.46-30-124-30.plesk.page\/?page_id=2370","title":{"rendered":"Frivillige"},"content":{"rendered":"<h3><strong>\ud83d\udc99\ud83e\udd0d Bliv frivillig i Stoholm Idr\u00e6tsforening<\/strong><\/h3>\n<p>Frivilligheden er hjertet i Stoholm Idr\u00e6tsforening. Uden vores mange engagerede frivillige \u2013 tr\u00e6nere, hj\u00e6lpere, bestyrelsesmedlemmer og praktiske h\u00e6nder \u2013 ville vi ikke kunne tilbyde det brede og levende idr\u00e6tsliv, som vi er stolte af.<\/p>\n<p>Har du lyst til at g\u00f8re en forskel?<br \/>\nUanset om du har meget eller lidt tid, erfaring eller bare lyst til at v\u00e6re en del af f\u00e6llesskabet, s\u00e5 har vi brug for dig!<\/p>\n<h4><strong>Du kan fx hj\u00e6lpe med:<\/strong><\/h4>\n<ul>\n<li>Tr\u00e6ning og aktiviteter<\/li>\n<li>Arrangementer og st\u00e6vner<\/li>\n<li>Praktisk hj\u00e6lp og vedligehold<\/li>\n<li>Kommunikation og sociale medier<\/li>\n<li>Bestyrelsesarbejde og planl\u00e6gning<\/li>\n<\/ul>\n<p>\ud83d\udc49 Kontakt os for at h\u00f8re mere \u2013 eller udfyld en frivilliginteresseformular her: <a href=\"https:\/\/forms.office.com\/r\/DHMiVXqdhZ\">Tilmeldingsformular for lokale frivillige \u2013 Udfyld formular<br \/>\n<\/a>Tak til alle, der bidrager \u2013 sammen skaber vi idr\u00e6t og f\u00e6llesskab i Stoholm!<\/p>\n","protected":false},"excerpt":{"rendered":"<p>\ud83d\udc99\ud83e\udd0d Bliv frivillig i Stoholm Idr\u00e6tsforening Frivilligheden er hjertet i Stoholm Idr\u00e6tsforening. Uden vores mange engagerede frivillige \u2013 tr\u00e6nere, hj\u00e6lpere, bestyrelsesmedlemmer og praktiske h\u00e6nder \u2013 ville vi ikke kunne tilbyde det brede og levende idr\u00e6tsliv, som vi er stolte af. Har du lyst til at g\u00f8re en forskel? Uanset om du har meget eller lidt [&hellip;]<\/p>\n","protected":false},"author":4,"featured_media":1894,"parent":26,"menu_order":0,"comment_status":"closed","ping_status":"closed","template":"","meta":{"_et_pb_use_builder":"","_et_pb_old_content":"","_et_gb_content_width":"","footnotes":""},"class_list":["post-2370","page","type-page","status-publish","has-post-thumbnail","hentry"],"_links":{"self":[{"href":"https:\/\/relaxed-galois.46-30-124-30.plesk.page\/index.php?rest_route=\/wp\/v2\/pages\/2370","targetHints":{"allow":["GET"]}}],"collection":[{"href":"https:\/\/relaxed-galois.46-30-124-30.plesk.page\/index.php?rest_route=\/wp\/v2\/pages"}],"about":[{"href":"https:\/\/relaxed-galois.46-30-124-30.plesk.page\/index.php?rest_route=\/wp\/v2\/types\/page"}],"author":[{"embeddable":true,"href":"https:\/\/relaxed-galois.46-30-124-30.plesk.page\/index.php?rest_route=\/wp\/v2\/users\/4"}],"replies":[{"embeddable":true,"href":"https:\/\/relaxed-galois.46-30-124-30.plesk.page\/index.php?rest_route=%2Fwp%2Fv2%2Fcomments&post=2370"}],"version-history":[{"count":2,"href":"https:\/\/relaxed-galois.46-30-124-30.plesk.page\/index.php?rest_route=\/wp\/v2\/pages\/2370\/revisions"}],"predecessor-version":[{"id":2499,"href":"https:\/\/relaxed-galois.46-30-124-30.plesk.page\/index.php?rest_route=\/wp\/v2\/pages\/2370\/revisions\/2499"}],"up":[{"embeddable":true,"href":"https:\/\/relaxed-galois.46-30-124-30.plesk.page\/index.php?rest_route=\/wp\/v2\/pages\/26"}],"wp:featuredmedia":[{"embeddable":true,"href":"https:\/\/relaxed-galois.46-30-124-30.plesk.page\/index.php?rest_route=\/wp\/v2\/media\/1894"}],"wp:attachment":[{"href":"https:\/\/relaxed-galois.46-30-124-30.plesk.page\/index.php?rest_route=%2Fwp%2Fv2%2Fmedia&parent=2370"}],"curies":[{"name":"wp","href":"https:\/\/api.w.org\/{rel}","templated":true}]}}