{"id":2379,"date":"2026-03-03T17:07:04","date_gmt":"2026-03-03T15:07:04","guid":{"rendered":"https:\/\/relaxed-galois.46-30-124-30.plesk.page\/?page_id=2379"},"modified":"2026-03-18T10:52:06","modified_gmt":"2026-03-18T08:52:06","slug":"velkommen-til-stoholm-if-atletik","status":"publish","type":"page","link":"https:\/\/relaxed-galois.46-30-124-30.plesk.page\/?page_id=2379","title":{"rendered":"Stoholm IF Atletik"},"content":{"rendered":"<p><strong>Velkommen til Stoholm IF Atletik<\/strong><\/p>\n<p>Hvem er vi?<\/p>\n<p>Stoholm IF Atletik er en klub for alle, der har lyst til at dyrke atletik \u2013 uanset alder og niveau. Vi l\u00e6gger v\u00e6gt p\u00e5 f\u00e6llesskab, gl\u00e6de ved bev\u00e6gelse og gode oplevelser sammen. Hos os er alle velkomne, og vi tilbyder aktiviteter og tr\u00e6ning for b\u00e5de b\u00f8rn, unge og voksne.<\/p>\n<h2>Bestyrelsen<\/h2>\n<ul>\n<li>Formand: Sanne \u00d8stergaard Stilling<\/li>\n<li>N\u00e6stformand: Dan Thomsen<\/li>\n<li>Kasserer: Katrine V\u00e6sel Wade<\/li>\n<li>Bestyrelsesmedlem: Signe V\u00e6sel<\/li>\n<li>Bestyrelsesmedlem: Tom V\u00e6sel Wade<\/li>\n<\/ul>\n<h2>Kontakt<\/h2>\n<ul>\n<li>Email: <a href=\"mailto:stoholmatletik@hotmail.com\">stoholmatletik@hotmail.com<\/a><\/li>\n<li>Formand: Sanne \u00d8stergaard Stilling \u2013 Tlf. 28 30 69 19<\/li>\n<\/ul>\n","protected":false},"excerpt":{"rendered":"<p>Velkommen til Stoholm IF Atletik Hvem er vi? Stoholm IF Atletik er en klub for alle, der har lyst til at dyrke atletik \u2013 uanset alder og niveau. Vi l\u00e6gger v\u00e6gt p\u00e5 f\u00e6llesskab, gl\u00e6de ved bev\u00e6gelse og gode oplevelser sammen. Hos os er alle velkomne, og vi tilbyder aktiviteter og tr\u00e6ning for b\u00e5de b\u00f8rn, unge [&hellip;]<\/p>\n","protected":false},"author":4,"featured_media":1894,"parent":0,"menu_order":0,"comment_status":"closed","ping_status":"closed","template":"","meta":{"_et_pb_use_builder":"","_et_pb_old_content":"","_et_gb_content_width":"","footnotes":""},"class_list":["post-2379","page","type-page","status-publish","has-post-thumbnail","hentry"],"_links":{"self":[{"href":"https:\/\/relaxed-galois.46-30-124-30.plesk.page\/index.php?rest_route=\/wp\/v2\/pages\/2379","targetHints":{"allow":["GET"]}}],"collection":[{"href":"https:\/\/relaxed-galois.46-30-124-30.plesk.page\/index.php?rest_route=\/wp\/v2\/pages"}],"about":[{"href":"https:\/\/relaxed-galois.46-30-124-30.plesk.page\/index.php?rest_route=\/wp\/v2\/types\/page"}],"author":[{"embeddable":true,"href":"https:\/\/relaxed-galois.46-30-124-30.plesk.page\/index.php?rest_route=\/wp\/v2\/users\/4"}],"replies":[{"embeddable":true,"href":"https:\/\/relaxed-galois.46-30-124-30.plesk.page\/index.php?rest_route=%2Fwp%2Fv2%2Fcomments&post=2379"}],"version-history":[{"count":3,"href":"https:\/\/relaxed-galois.46-30-124-30.plesk.page\/index.php?rest_route=\/wp\/v2\/pages\/2379\/revisions"}],"predecessor-version":[{"id":2579,"href":"https:\/\/relaxed-galois.46-30-124-30.plesk.page\/index.php?rest_route=\/wp\/v2\/pages\/2379\/revisions\/2579"}],"wp:featuredmedia":[{"embeddable":true,"href":"https:\/\/relaxed-galois.46-30-124-30.plesk.page\/index.php?rest_route=\/wp\/v2\/media\/1894"}],"wp:attachment":[{"href":"https:\/\/relaxed-galois.46-30-124-30.plesk.page\/index.php?rest_route=%2Fwp%2Fv2%2Fmedia&parent=2379"}],"curies":[{"name":"wp","href":"https:\/\/api.w.org\/{rel}","templated":true}]}}