{"id":2385,"date":"2026-03-03T17:07:45","date_gmt":"2026-03-03T15:07:45","guid":{"rendered":"https:\/\/relaxed-galois.46-30-124-30.plesk.page\/?page_id=2385"},"modified":"2026-03-04T12:27:45","modified_gmt":"2026-03-04T10:27:45","slug":"sandkasseatletik","status":"publish","type":"page","link":"https:\/\/relaxed-galois.46-30-124-30.plesk.page\/?page_id=2385","title":{"rendered":"Sandkasseatletik"},"content":{"rendered":"<p><strong>Alt du skal vide om tr\u00e6ning og tilmelding <\/strong><\/p>\n<h3>Sandkasseatletik<\/h3>\n<p>Atletik for de mindste \u2013 leg, bev\u00e6gelse og f\u00e6llesskab<\/p>\n<p>Velkommen til Stoholm Atletiks sandkassehold! Her f\u00e5r b\u00f8rn i alderen 3-5 \u00e5r \u2013 sammen med deres for\u00e6ldre \u2013 en sjov introduktion til atletikkens verden gennem leg og sm\u00e5 konkurrencer. Vores koncept er skabt, s\u00e5 alle kan v\u00e6re med, og vi l\u00e6gger v\u00e6gt p\u00e5 bev\u00e6gelsesgl\u00e6de i trygge og inspirerende rammer.<\/p>\n<h2>Tr\u00e6ningstider<\/h2>\n<ul>\n<li>Hver torsdag kl. 16.30-17.15<\/li>\n<li>Sted: Atletikbanen i Stoholm, S\u00f8ndergade 56, 7850 Stoholm<\/li>\n<li>Husk praktisk t\u00f8j og fodt\u00f8j \u2013 vi tr\u00e6ner ude, uanset vejret!<\/li>\n<li>Ved meget d\u00e5rligt vejr kan tr\u00e6ningen aflyses eller afsluttes f\u00f8r tid. Hold \u00f8je med beskeder i vores Facebookgruppe.<\/li>\n<\/ul>\n<h2>Facebookgruppe<\/h2>\n<p>Vi har en lukket Facebookgruppe: Sandkasseatletik Stoholm. Gruppen bruges til information, beskeder om tr\u00e6ning og f\u00e6lles updates. Har du ikke Facebook, finder vi naturligvis en anden m\u00e5de at give dig besked p\u00e5. Husk at anmode om medlemskab i gruppen.<\/p>\n<h2>Pris og tilmelding<\/h2>\n<ul>\n<li>Pris: 250 kr. for s\u00e6sonen<\/li>\n<li>Inkluderer en atletik-t-shirt (bestillingsinfo sendes ud via Facebook)<\/li>\n<li>Tilmelding sker via <a href=\"https:\/\/www.stoholm-if.dk\">stoholm-if.dk<\/a> \u2013 v\u00e6lg \u201dAtletik\u201d og derefter \u201dTilmelding atletik\u201d. Log ind, hvis du allerede har en profil, eller v\u00e6lg \u201dSandkasse hold 3-5 \u00e5r\u201d for ny tilmelding.<\/li>\n<\/ul>\n<h2>Kontakt os<\/h2>\n<p>Har du sp\u00f8rgsm\u00e5l, er du velkommen til at kontakte tr\u00e6nerteamet:<\/p>\n<ul>\n<li>Jens V\u00e6sel: 27 50 52 90<\/li>\n<li>Signe V\u00e6sel<\/li>\n<\/ul>\n","protected":false},"excerpt":{"rendered":"<p>Alt du skal vide om tr\u00e6ning og tilmelding Sandkasseatletik Atletik for de mindste \u2013 leg, bev\u00e6gelse og f\u00e6llesskab Velkommen til Stoholm Atletiks sandkassehold! Her f\u00e5r b\u00f8rn i alderen 3-5 \u00e5r \u2013 sammen med deres for\u00e6ldre \u2013 en sjov introduktion til atletikkens verden gennem leg og sm\u00e5 konkurrencer. Vores koncept er skabt, s\u00e5 alle kan v\u00e6re [&hellip;]<\/p>\n","protected":false},"author":4,"featured_media":1894,"parent":2379,"menu_order":0,"comment_status":"closed","ping_status":"closed","template":"","meta":{"_et_pb_use_builder":"","_et_pb_old_content":"","_et_gb_content_width":"","footnotes":""},"class_list":["post-2385","page","type-page","status-publish","has-post-thumbnail","hentry"],"_links":{"self":[{"href":"https:\/\/relaxed-galois.46-30-124-30.plesk.page\/index.php?rest_route=\/wp\/v2\/pages\/2385","targetHints":{"allow":["GET"]}}],"collection":[{"href":"https:\/\/relaxed-galois.46-30-124-30.plesk.page\/index.php?rest_route=\/wp\/v2\/pages"}],"about":[{"href":"https:\/\/relaxed-galois.46-30-124-30.plesk.page\/index.php?rest_route=\/wp\/v2\/types\/page"}],"author":[{"embeddable":true,"href":"https:\/\/relaxed-galois.46-30-124-30.plesk.page\/index.php?rest_route=\/wp\/v2\/users\/4"}],"replies":[{"embeddable":true,"href":"https:\/\/relaxed-galois.46-30-124-30.plesk.page\/index.php?rest_route=%2Fwp%2Fv2%2Fcomments&post=2385"}],"version-history":[{"count":2,"href":"https:\/\/relaxed-galois.46-30-124-30.plesk.page\/index.php?rest_route=\/wp\/v2\/pages\/2385\/revisions"}],"predecessor-version":[{"id":2526,"href":"https:\/\/relaxed-galois.46-30-124-30.plesk.page\/index.php?rest_route=\/wp\/v2\/pages\/2385\/revisions\/2526"}],"up":[{"embeddable":true,"href":"https:\/\/relaxed-galois.46-30-124-30.plesk.page\/index.php?rest_route=\/wp\/v2\/pages\/2379"}],"wp:featuredmedia":[{"embeddable":true,"href":"https:\/\/relaxed-galois.46-30-124-30.plesk.page\/index.php?rest_route=\/wp\/v2\/media\/1894"}],"wp:attachment":[{"href":"https:\/\/relaxed-galois.46-30-124-30.plesk.page\/index.php?rest_route=%2Fwp%2Fv2%2Fmedia&parent=2385"}],"curies":[{"name":"wp","href":"https:\/\/api.w.org\/{rel}","templated":true}]}}