{"id":2391,"date":"2026-03-03T17:08:04","date_gmt":"2026-03-03T15:08:04","guid":{"rendered":"https:\/\/relaxed-galois.46-30-124-30.plesk.page\/?page_id=2391"},"modified":"2026-03-04T12:31:37","modified_gmt":"2026-03-04T10:31:37","slug":"atletik-fra-10-aar-og-opefter","status":"publish","type":"page","link":"https:\/\/relaxed-galois.46-30-124-30.plesk.page\/?page_id=2391","title":{"rendered":"Atletik fra 10 \u00e5r og opefter"},"content":{"rendered":"<p>Atletik fra 10 \u00e5r og opefter<\/p>\n<p>&nbsp;<\/p>\n<p>Du er en del af gruppen fra det \u00e5r, du fylder 10 \u00e5r.<\/p>\n<p>&nbsp;<\/p>\n<h2>Tr\u00e6ning<\/h2>\n<ul>\n<li>Sted: Atletikbanen i Stoholm, S\u00f8ndergade 56, 7850 Stoholm<\/li>\n<li>Tidspunkt: Torsdag kl. 17.15-18.15<\/li>\n<\/ul>\n<p>Vi starter tr\u00e6ning den f\u00f8rste torsdag efter p\u00e5ske og stopper tr\u00e6ning sidst i september.<\/p>\n<ul>\n<li>Husk praktisk t\u00f8j og fodt\u00f8j \u2013 s\u00e5 er vi klar til tr\u00e6ning uanset vejret.<\/li>\n<li>Hvis vejret er rigtig d\u00e5rligt, kan tr\u00e6ningen blive aflyst eller afsluttes tidligere. Hold \u00f8je med vores Facebookgruppe for opdateringer.<\/li>\n<li>Al information om st\u00e6vner og tilmelding foreg\u00e5r via vores lukkede Facebookgruppe: \u201dStoholm IF Atletik \u2013 op til og med 9 \u00e5r\u201d. S\u00f8g om medlemskab, s\u00e5 du ikke g\u00e5r glip af vigtige beskeder.<\/li>\n<\/ul>\n<p>&nbsp;<\/p>\n<p>Facebookgruppe<\/p>\n<ul>\n<li>Vi har en lukket Facebookgruppe: &#8220;IF Atletik \u2013 op til og med 9 \u201c. Gruppen bruges til information, beskeder om tr\u00e6ning og f\u00e6lles updates. Har du ikke Facebook, finder vi naturligvis en anden m\u00e5de at give dig besked p\u00e5. Husk at anmode om medlemskab i gruppen.<\/li>\n<\/ul>\n<p>&nbsp;<\/p>\n<h2>Pris og tilmelding<\/h2>\n<ul>\n<li>Pris: 400 kr. for hele s\u00e6sonen frem til september.<\/li>\n<li>Prisen inkluderer en st\u00e6vne t-shirt, som skal bruges til alle st\u00e6vner. Bestilling af t-shirts meldes ud p\u00e5 Facebook.<\/li>\n<li>Tilmelding sker via <a href=\"https:\/\/www.stoholm-if.dk\">stoholm-if.dk<\/a> \u2013 V\u00e6lg \u201dAtletik\u201d &gt; \u201dTilmelding atletik\u201d. Log ind, hvis du allerede har en bruger, ellers v\u00e6lg \u201dAtleter 10\u00e5r og \u00e6ldre\u201d.<\/li>\n<li>Det er vigtigt at tilmelde sig, inden st\u00e6vnerne starter.<\/li>\n<\/ul>\n<p>&nbsp;<\/p>\n<h2>Tr\u00e6nerteamet<\/h2>\n<p>&nbsp;<\/p>\n<p>Katrine V\u00e6sel Wade tlf. 60 18 02 68<\/p>\n<p>Tom V\u00e6sel Wade<\/p>\n","protected":false},"excerpt":{"rendered":"<p>Atletik fra 10 \u00e5r og opefter &nbsp; Du er en del af gruppen fra det \u00e5r, du fylder 10 \u00e5r. &nbsp; Tr\u00e6ning Sted: Atletikbanen i Stoholm, S\u00f8ndergade 56, 7850 Stoholm Tidspunkt: Torsdag kl. 17.15-18.15 Vi starter tr\u00e6ning den f\u00f8rste torsdag efter p\u00e5ske og stopper tr\u00e6ning sidst i september. Husk praktisk t\u00f8j og fodt\u00f8j \u2013 s\u00e5 [&hellip;]<\/p>\n","protected":false},"author":4,"featured_media":1894,"parent":2379,"menu_order":0,"comment_status":"closed","ping_status":"closed","template":"","meta":{"_et_pb_use_builder":"","_et_pb_old_content":"","_et_gb_content_width":"","footnotes":""},"class_list":["post-2391","page","type-page","status-publish","has-post-thumbnail","hentry"],"_links":{"self":[{"href":"https:\/\/relaxed-galois.46-30-124-30.plesk.page\/index.php?rest_route=\/wp\/v2\/pages\/2391","targetHints":{"allow":["GET"]}}],"collection":[{"href":"https:\/\/relaxed-galois.46-30-124-30.plesk.page\/index.php?rest_route=\/wp\/v2\/pages"}],"about":[{"href":"https:\/\/relaxed-galois.46-30-124-30.plesk.page\/index.php?rest_route=\/wp\/v2\/types\/page"}],"author":[{"embeddable":true,"href":"https:\/\/relaxed-galois.46-30-124-30.plesk.page\/index.php?rest_route=\/wp\/v2\/users\/4"}],"replies":[{"embeddable":true,"href":"https:\/\/relaxed-galois.46-30-124-30.plesk.page\/index.php?rest_route=%2Fwp%2Fv2%2Fcomments&post=2391"}],"version-history":[{"count":2,"href":"https:\/\/relaxed-galois.46-30-124-30.plesk.page\/index.php?rest_route=\/wp\/v2\/pages\/2391\/revisions"}],"predecessor-version":[{"id":2528,"href":"https:\/\/relaxed-galois.46-30-124-30.plesk.page\/index.php?rest_route=\/wp\/v2\/pages\/2391\/revisions\/2528"}],"up":[{"embeddable":true,"href":"https:\/\/relaxed-galois.46-30-124-30.plesk.page\/index.php?rest_route=\/wp\/v2\/pages\/2379"}],"wp:featuredmedia":[{"embeddable":true,"href":"https:\/\/relaxed-galois.46-30-124-30.plesk.page\/index.php?rest_route=\/wp\/v2\/media\/1894"}],"wp:attachment":[{"href":"https:\/\/relaxed-galois.46-30-124-30.plesk.page\/index.php?rest_route=%2Fwp%2Fv2%2Fmedia&parent=2391"}],"curies":[{"name":"wp","href":"https:\/\/api.w.org\/{rel}","templated":true}]}}