{"id":2394,"date":"2026-03-03T17:08:12","date_gmt":"2026-03-03T15:08:12","guid":{"rendered":"https:\/\/relaxed-galois.46-30-124-30.plesk.page\/?page_id=2394"},"modified":"2026-03-04T12:31:51","modified_gmt":"2026-03-04T10:31:51","slug":"fjendsfraeserne","status":"publish","type":"page","link":"https:\/\/relaxed-galois.46-30-124-30.plesk.page\/?page_id=2394","title":{"rendered":"Fjendsfr\u00e6serne"},"content":{"rendered":"<p>Fjendsfr\u00e6serne \u2013 F\u00e6llesskab og L\u00f8begl\u00e6de for Alle<\/p>\n<h2>Et l\u00f8bef\u00e6llesskab for alle niveauer<\/h2>\n<p>Er du p\u00e5 udkig efter et hyggeligt f\u00e6llesskab, hvor du kan dyrke motion og f\u00e5 frisk luft? S\u00e5 er Fjendsfr\u00e6serne m\u00e5ske lige noget for dig. Vi er en l\u00f8beklub, der byder alle velkommen \u2013 uanset om du er nybegynder eller har mange \u00e5rs erfaring med l\u00f8b. Hos os handler det om at skabe et inkluderende milj\u00f8, hvor alle kan v\u00e6re med, og hvor vi sammen f\u00e5r gl\u00e6de af b\u00e5de bev\u00e6gelse og godt selskab.<\/p>\n<h2>Faste tr\u00e6ningstider og m\u00f8dested<\/h2>\n<p>Fjendsfr\u00e6serne m\u00f8des fast hver tirsdag og torsdag kl. 17.30 ved hallen. Her samles vi, inden vi sammen tager ud p\u00e5 l\u00f8betur i det fri. Der er plads til alle, og vi tilpasser turene, s\u00e5 b\u00e5de nye og erfarne l\u00f8bere kan v\u00e6re med. Det vigtigste er, at du har lyst til at bev\u00e6ge dig og nyde f\u00e6llesskabet.<\/p>\n<h2>Kom og v\u00e6r med!<\/h2>\n<p>Du skal blot m\u00f8de op til en af vores tr\u00e6ninger \u2013 vi gl\u00e6der os til at l\u00f8be sammen med dig og byde dig velkommen i f\u00e6llesskabet. Oplev gl\u00e6den ved l\u00f8b i godt selskab med Fjendsfr\u00e6serne!<\/p>\n<h2>Kontakt, sp\u00f8rgsm\u00e5l og tilmelding<\/h2>\n<p>Er du interesseret i at h\u00f8re mere, eller har du sp\u00f8rgsm\u00e5l, s\u00e5 tag endelig fat i Egon Thesbjerg p\u00e5 telefon 20 68 21 96.<\/p>\n<p>Du kan tilmelde dig Fjendsfr\u00e6serne her link??<\/p>\n","protected":false},"excerpt":{"rendered":"<p>Fjendsfr\u00e6serne \u2013 F\u00e6llesskab og L\u00f8begl\u00e6de for Alle Et l\u00f8bef\u00e6llesskab for alle niveauer Er du p\u00e5 udkig efter et hyggeligt f\u00e6llesskab, hvor du kan dyrke motion og f\u00e5 frisk luft? S\u00e5 er Fjendsfr\u00e6serne m\u00e5ske lige noget for dig. Vi er en l\u00f8beklub, der byder alle velkommen \u2013 uanset om du er nybegynder eller har mange \u00e5rs [&hellip;]<\/p>\n","protected":false},"author":4,"featured_media":1894,"parent":2379,"menu_order":0,"comment_status":"closed","ping_status":"closed","template":"","meta":{"_et_pb_use_builder":"","_et_pb_old_content":"","_et_gb_content_width":"","footnotes":""},"class_list":["post-2394","page","type-page","status-publish","has-post-thumbnail","hentry"],"_links":{"self":[{"href":"https:\/\/relaxed-galois.46-30-124-30.plesk.page\/index.php?rest_route=\/wp\/v2\/pages\/2394","targetHints":{"allow":["GET"]}}],"collection":[{"href":"https:\/\/relaxed-galois.46-30-124-30.plesk.page\/index.php?rest_route=\/wp\/v2\/pages"}],"about":[{"href":"https:\/\/relaxed-galois.46-30-124-30.plesk.page\/index.php?rest_route=\/wp\/v2\/types\/page"}],"author":[{"embeddable":true,"href":"https:\/\/relaxed-galois.46-30-124-30.plesk.page\/index.php?rest_route=\/wp\/v2\/users\/4"}],"replies":[{"embeddable":true,"href":"https:\/\/relaxed-galois.46-30-124-30.plesk.page\/index.php?rest_route=%2Fwp%2Fv2%2Fcomments&post=2394"}],"version-history":[{"count":3,"href":"https:\/\/relaxed-galois.46-30-124-30.plesk.page\/index.php?rest_route=\/wp\/v2\/pages\/2394\/revisions"}],"predecessor-version":[{"id":2530,"href":"https:\/\/relaxed-galois.46-30-124-30.plesk.page\/index.php?rest_route=\/wp\/v2\/pages\/2394\/revisions\/2530"}],"up":[{"embeddable":true,"href":"https:\/\/relaxed-galois.46-30-124-30.plesk.page\/index.php?rest_route=\/wp\/v2\/pages\/2379"}],"wp:featuredmedia":[{"embeddable":true,"href":"https:\/\/relaxed-galois.46-30-124-30.plesk.page\/index.php?rest_route=\/wp\/v2\/media\/1894"}],"wp:attachment":[{"href":"https:\/\/relaxed-galois.46-30-124-30.plesk.page\/index.php?rest_route=%2Fwp%2Fv2%2Fmedia&parent=2394"}],"curies":[{"name":"wp","href":"https:\/\/api.w.org\/{rel}","templated":true}]}}