{"id":2397,"date":"2026-03-03T17:08:33","date_gmt":"2026-03-03T15:08:33","guid":{"rendered":"https:\/\/relaxed-galois.46-30-124-30.plesk.page\/?page_id=2397"},"modified":"2026-03-04T12:47:41","modified_gmt":"2026-03-04T10:47:41","slug":"link-til-fb-atletik","status":"publish","type":"page","link":"https:\/\/relaxed-galois.46-30-124-30.plesk.page\/?page_id=2397","title":{"rendered":"Link til FB &#8211; atletik"},"content":{"rendered":"<h2>Facebook<\/h2>\n<p>Al information om tr\u00e6ning, aktiviteter og st\u00e6vner foreg\u00e5r via vores lukkede Facebookgrupper. S\u00f8g om medlemskab, s\u00e5 du ikke g\u00e5r glip af vigtige beskeder.<\/p>\n<p>Hvis du ikke bruger Facebook, finder vi selvf\u00f8lgelig en anden l\u00f8sning.<\/p>\n<p>Du finder de forskellige Facebookgrupper her<\/p>\n<p>&nbsp;<\/p>\n<p><a href=\"https:\/\/www.facebook.com\/groups\/114018102011581\/?_rdr\">(1) Stoholm if Atletik | Facebook<\/a><\/p>\n<p><a href=\"https:\/\/www.facebook.com\/groups\/799276394341050\/?_rdr\">(1) Sandkasseatletik Stoholm | Facebook<\/a><\/p>\n<p><a href=\"https:\/\/www.facebook.com\/groups\/642831199243475\/?_rdr\">(1) Stoholm IF Atletik &#8211; Op til og med 9 \u00e5r. | Facebook<\/a><\/p>\n<p><a href=\"https:\/\/www.facebook.com\/groups\/303549293656600\/?_rdr\">(1) Stoholm IF Atletik &#8211; fra 10 \u00e5r og opefter | Facebook<\/a><\/p>\n","protected":false},"excerpt":{"rendered":"<p>Facebook Al information om tr\u00e6ning, aktiviteter og st\u00e6vner foreg\u00e5r via vores lukkede Facebookgrupper. S\u00f8g om medlemskab, s\u00e5 du ikke g\u00e5r glip af vigtige beskeder. Hvis du ikke bruger Facebook, finder vi selvf\u00f8lgelig en anden l\u00f8sning. Du finder de forskellige Facebookgrupper her &nbsp; (1) Stoholm if Atletik | Facebook (1) Sandkasseatletik Stoholm | Facebook (1) Stoholm [&hellip;]<\/p>\n","protected":false},"author":4,"featured_media":1894,"parent":2379,"menu_order":0,"comment_status":"closed","ping_status":"closed","template":"","meta":{"_et_pb_use_builder":"","_et_pb_old_content":"","_et_gb_content_width":"","footnotes":""},"class_list":["post-2397","page","type-page","status-publish","has-post-thumbnail","hentry"],"_links":{"self":[{"href":"https:\/\/relaxed-galois.46-30-124-30.plesk.page\/index.php?rest_route=\/wp\/v2\/pages\/2397","targetHints":{"allow":["GET"]}}],"collection":[{"href":"https:\/\/relaxed-galois.46-30-124-30.plesk.page\/index.php?rest_route=\/wp\/v2\/pages"}],"about":[{"href":"https:\/\/relaxed-galois.46-30-124-30.plesk.page\/index.php?rest_route=\/wp\/v2\/types\/page"}],"author":[{"embeddable":true,"href":"https:\/\/relaxed-galois.46-30-124-30.plesk.page\/index.php?rest_route=\/wp\/v2\/users\/4"}],"replies":[{"embeddable":true,"href":"https:\/\/relaxed-galois.46-30-124-30.plesk.page\/index.php?rest_route=%2Fwp%2Fv2%2Fcomments&post=2397"}],"version-history":[{"count":2,"href":"https:\/\/relaxed-galois.46-30-124-30.plesk.page\/index.php?rest_route=\/wp\/v2\/pages\/2397\/revisions"}],"predecessor-version":[{"id":2531,"href":"https:\/\/relaxed-galois.46-30-124-30.plesk.page\/index.php?rest_route=\/wp\/v2\/pages\/2397\/revisions\/2531"}],"up":[{"embeddable":true,"href":"https:\/\/relaxed-galois.46-30-124-30.plesk.page\/index.php?rest_route=\/wp\/v2\/pages\/2379"}],"wp:featuredmedia":[{"embeddable":true,"href":"https:\/\/relaxed-galois.46-30-124-30.plesk.page\/index.php?rest_route=\/wp\/v2\/media\/1894"}],"wp:attachment":[{"href":"https:\/\/relaxed-galois.46-30-124-30.plesk.page\/index.php?rest_route=%2Fwp%2Fv2%2Fmedia&parent=2397"}],"curies":[{"name":"wp","href":"https:\/\/api.w.org\/{rel}","templated":true}]}}