{"id":2409,"date":"2026-03-03T17:09:06","date_gmt":"2026-03-03T15:09:06","guid":{"rendered":"https:\/\/relaxed-galois.46-30-124-30.plesk.page\/?page_id=2409"},"modified":"2026-03-18T10:52:13","modified_gmt":"2026-03-18T08:52:13","slug":"velkommen-til-stoholm-if-fodbold","status":"publish","type":"page","link":"https:\/\/relaxed-galois.46-30-124-30.plesk.page\/?page_id=2409","title":{"rendered":"Stoholm IF Fodbold"},"content":{"rendered":"<p>Velkommen til Stoholm IF Fodbold<\/p>\n<p>Klubben er for alle med interesse for fodbold. Om man er 4-5 \u00e5r eller 70, s\u00e5 findes der muligheder for at dyrke vores dejlige sport.<\/p>\n<p>De gr\u00f8nne omr\u00e5der omkring Stoholm Fritids- og kulturcenter er rammen om ud\u00f8velse af fodbolden.<\/p>\n<p>Efter anl\u00e6ggelsen af klubbens kunststofbane i 2022, er der mulighed for fodbold \u00e5ret rundt.<\/p>\n<p>&nbsp;<\/p>\n<p><strong>Medlem af bestyrelsen:<\/strong><\/p>\n<p>Anders Jakobsen<\/p>\n<p><a href=\"mailto:anderslojakobsen@gmail.com\">anderslojakobsen@gmail.com<\/a><\/p>\n<p><a href=\"tel:61697797\">61697797<\/a><\/p>\n<p><strong>\u00a0<\/strong><\/p>\n<p><strong>Ansvarsomr\u00e5der<\/strong><\/p>\n<p><strong>Formand<\/strong><\/p>\n<p>DBU \u2013 kontakt<\/p>\n<p>\u00d8konomi<\/p>\n<p>Sponsor<\/p>\n<p>Koordinering af klubbens aktiviteter<\/p>\n<p>Drengeansvarlig<\/p>\n<p>&nbsp;<\/p>\n<p><strong>Medlem af bestyrelsen:<\/strong><\/p>\n<p>Allan S\u00f8ndergaard<\/p>\n<p><a href=\"mailto:allansondergaard@live.dk\">allansondergaard@live.dk<\/a><\/p>\n<p><a href=\"tel:40741507\">40741507<\/a><\/p>\n<p>&nbsp;<\/p>\n<p><strong>Ansvarsomr\u00e5der:<\/strong><\/p>\n<p><strong>N\u00e6stformand<\/strong><\/p>\n<p>Senioransvarlig<\/p>\n<p>Materialeansvarlig \u2013 bygninger<\/p>\n<p>&nbsp;<\/p>\n<p><strong>Medlem af bestyrelsen:<\/strong><\/p>\n<p>Niels Norden Svendsen<\/p>\n<p><a href=\"mailto:nilnorth@hotmail.com\">nilnorth@hotmail.com<\/a><\/p>\n<p><a href=\"tel:60946767\">60946767<\/a><\/p>\n<p><a href=\"tel:60946767\">60946767<\/a><\/p>\n<p>&nbsp;<\/p>\n<p><strong>Ansvarsomr\u00e5der:<\/strong><\/p>\n<p>Sekret\u00e6r<\/p>\n<p>VFF \u2013 Kl\u00f8verklub samarbejde<\/p>\n<p>Kunstbane \u2013 udlejning\/koordinering<\/p>\n<p>&nbsp;<\/p>\n<p>&nbsp;<\/p>\n<p><strong>Medlem af bestyrelsen:<\/strong><\/p>\n<p>Nicolas Laigaard<\/p>\n<p><a href=\"mailto:nicolaslaigaard@gmail.com\">nicolaslaigaard@gmail.com<\/a><\/p>\n<p><a href=\"tel:22304328\">22304328<\/a><\/p>\n<p><strong>Ansvarsomr\u00e5der:<\/strong><\/p>\n<p><strong>Ungdsomsansvarlig<\/strong><\/p>\n<p>Pigeansvarlig<\/p>\n<p>Strategi \u2013 tiltag<\/p>\n<p>Sociale medier<\/p>\n<p>&nbsp;<\/p>\n<p><strong>Medlem af bestyrelsen:<\/strong><\/p>\n<p>Jimmi Dahl<\/p>\n<p><a href=\"mailto:Jimmydahl_1@hotmail.com\">Jimmydahl_1@hotmail.com<\/a><\/p>\n<p><a href=\"tel:23441573\">23 44 15 73<\/a><\/p>\n<p><strong>Ansvarsomr\u00e5der:<\/strong><\/p>\n<p><strong>Indk\u00f8bsansvarlig ungdom<\/strong><\/p>\n<p>Indk\u00f8b af spillert\u00f8j og materialer til klubben<\/p>\n<p>Bygningsansvarlig<\/p>\n<p><strong>Medlem af bestyrelsen: <\/strong><\/p>\n<p><strong>\u00a0<\/strong><\/p>\n<p><strong>Lucas Bach<\/strong><\/p>\n<p><strong>Ansvarsomr\u00e5der:<\/strong><\/p>\n<p>Dommerp\u00e5s\u00e6tning 8 mandskampe<\/p>\n<p>VFF \u2013 Kl\u00f8verklub samarbejde<\/p>\n<p>&nbsp;<\/p>\n<p><strong>Medlem af bestyrelsen:<\/strong><\/p>\n<p><strong>Morten Elgaard<\/strong><\/p>\n<p><strong>Ansvarsomr\u00e5der:<\/strong><\/p>\n<p>Dommerp\u00e5s\u00e6tning 8 mandskampe<\/p>\n<p>VFF \u2013 Kl\u00f8verklub samarbejde<\/p>\n<p>&nbsp;<\/p>\n<p>Udenfor bestyrelsen, men med vigtige arbejdsomr\u00e5der for klubben er:<\/p>\n<p>&nbsp;<\/p>\n<p><strong>\u00d8konomiansvarlig<\/strong><\/p>\n<p>Inger Jakobsen<\/p>\n<p><a href=\"mailto:ingerjakobsen52@live.dk\">ingerjakobsen52@live.dk<\/a><\/p>\n<p><a href=\"tel:30137078\">30137078<\/a><\/p>\n<p><strong>Hjemmeside<\/strong><\/p>\n<p>Allan Vestergaard<\/p>\n<p><a href=\"mailto:54vest@fiberpost.dk\">54vest@fiberpost.dk<\/a><\/p>\n<p><a href=\"tel:28442154\">28442154<\/a><\/p>\n<p><u>\u00a0<\/u><\/p>\n<p><strong>T\u00f8jansvarlig<\/strong><\/p>\n<p>Allan Glerup Karlsen<\/p>\n<p>&nbsp;<\/p>\n<p>&nbsp;<\/p>\n","protected":false},"excerpt":{"rendered":"<p>Velkommen til Stoholm IF Fodbold Klubben er for alle med interesse for fodbold. Om man er 4-5 \u00e5r eller 70, s\u00e5 findes der muligheder for at dyrke vores dejlige sport. De gr\u00f8nne omr\u00e5der omkring Stoholm Fritids- og kulturcenter er rammen om ud\u00f8velse af fodbolden. Efter anl\u00e6ggelsen af klubbens kunststofbane i 2022, er der mulighed for [&hellip;]<\/p>\n","protected":false},"author":4,"featured_media":1894,"parent":0,"menu_order":0,"comment_status":"closed","ping_status":"closed","template":"","meta":{"_et_pb_use_builder":"","_et_pb_old_content":"","_et_gb_content_width":"","footnotes":""},"class_list":["post-2409","page","type-page","status-publish","has-post-thumbnail","hentry"],"_links":{"self":[{"href":"https:\/\/relaxed-galois.46-30-124-30.plesk.page\/index.php?rest_route=\/wp\/v2\/pages\/2409","targetHints":{"allow":["GET"]}}],"collection":[{"href":"https:\/\/relaxed-galois.46-30-124-30.plesk.page\/index.php?rest_route=\/wp\/v2\/pages"}],"about":[{"href":"https:\/\/relaxed-galois.46-30-124-30.plesk.page\/index.php?rest_route=\/wp\/v2\/types\/page"}],"author":[{"embeddable":true,"href":"https:\/\/relaxed-galois.46-30-124-30.plesk.page\/index.php?rest_route=\/wp\/v2\/users\/4"}],"replies":[{"embeddable":true,"href":"https:\/\/relaxed-galois.46-30-124-30.plesk.page\/index.php?rest_route=%2Fwp%2Fv2%2Fcomments&post=2409"}],"version-history":[{"count":4,"href":"https:\/\/relaxed-galois.46-30-124-30.plesk.page\/index.php?rest_route=\/wp\/v2\/pages\/2409\/revisions"}],"predecessor-version":[{"id":2580,"href":"https:\/\/relaxed-galois.46-30-124-30.plesk.page\/index.php?rest_route=\/wp\/v2\/pages\/2409\/revisions\/2580"}],"wp:featuredmedia":[{"embeddable":true,"href":"https:\/\/relaxed-galois.46-30-124-30.plesk.page\/index.php?rest_route=\/wp\/v2\/media\/1894"}],"wp:attachment":[{"href":"https:\/\/relaxed-galois.46-30-124-30.plesk.page\/index.php?rest_route=%2Fwp%2Fv2%2Fmedia&parent=2409"}],"curies":[{"name":"wp","href":"https:\/\/api.w.org\/{rel}","templated":true}]}}