{"id":2422,"date":"2026-03-03T17:10:36","date_gmt":"2026-03-03T15:10:36","guid":{"rendered":"https:\/\/relaxed-galois.46-30-124-30.plesk.page\/?page_id=2422"},"modified":"2026-03-04T12:56:16","modified_gmt":"2026-03-04T10:56:16","slug":"nyheder-kampreferater-maalaktier","status":"publish","type":"page","link":"https:\/\/relaxed-galois.46-30-124-30.plesk.page\/?page_id=2422","title":{"rendered":"Nyheder\/ kampreferater  M\u00e5laktier"},"content":{"rendered":"<p>Her vil vi gerne have mulighed for at l\u00e6gge kampreferater og nyheder ind.<\/p>\n<p>F\u00f8lgende m\u00e5 gerne figurere p\u00e5 ny side ( indtil nyt storm\u00f8de er overst\u00e5et)<\/p>\n<p><a href=\"https:\/\/stoholm-if.dk\/fodbold\/nyheder\">https:\/\/stoholm-if.dk\/fodbold\/nyheder<\/a><\/p>\n<p>&nbsp;<\/p>\n<p>&nbsp;<\/p>\n<p><a href=\"https:\/\/stoholm-if.dk\/fodbold\/m%C3%A5l-aktier\">https:\/\/stoholm-if.dk\/fodbold\/m%C3%A5l-aktier<\/a><\/p>\n","protected":false},"excerpt":{"rendered":"<p>Her vil vi gerne have mulighed for at l\u00e6gge kampreferater og nyheder ind. F\u00f8lgende m\u00e5 gerne figurere p\u00e5 ny side ( indtil nyt storm\u00f8de er overst\u00e5et) https:\/\/stoholm-if.dk\/fodbold\/nyheder &nbsp; &nbsp; https:\/\/stoholm-if.dk\/fodbold\/m%C3%A5l-aktier<\/p>\n","protected":false},"author":4,"featured_media":1894,"parent":2409,"menu_order":0,"comment_status":"closed","ping_status":"closed","template":"","meta":{"_et_pb_use_builder":"","_et_pb_old_content":"","_et_gb_content_width":"","footnotes":""},"class_list":["post-2422","page","type-page","status-publish","has-post-thumbnail","hentry"],"_links":{"self":[{"href":"https:\/\/relaxed-galois.46-30-124-30.plesk.page\/index.php?rest_route=\/wp\/v2\/pages\/2422","targetHints":{"allow":["GET"]}}],"collection":[{"href":"https:\/\/relaxed-galois.46-30-124-30.plesk.page\/index.php?rest_route=\/wp\/v2\/pages"}],"about":[{"href":"https:\/\/relaxed-galois.46-30-124-30.plesk.page\/index.php?rest_route=\/wp\/v2\/types\/page"}],"author":[{"embeddable":true,"href":"https:\/\/relaxed-galois.46-30-124-30.plesk.page\/index.php?rest_route=\/wp\/v2\/users\/4"}],"replies":[{"embeddable":true,"href":"https:\/\/relaxed-galois.46-30-124-30.plesk.page\/index.php?rest_route=%2Fwp%2Fv2%2Fcomments&post=2422"}],"version-history":[{"count":2,"href":"https:\/\/relaxed-galois.46-30-124-30.plesk.page\/index.php?rest_route=\/wp\/v2\/pages\/2422\/revisions"}],"predecessor-version":[{"id":2541,"href":"https:\/\/relaxed-galois.46-30-124-30.plesk.page\/index.php?rest_route=\/wp\/v2\/pages\/2422\/revisions\/2541"}],"up":[{"embeddable":true,"href":"https:\/\/relaxed-galois.46-30-124-30.plesk.page\/index.php?rest_route=\/wp\/v2\/pages\/2409"}],"wp:featuredmedia":[{"embeddable":true,"href":"https:\/\/relaxed-galois.46-30-124-30.plesk.page\/index.php?rest_route=\/wp\/v2\/media\/1894"}],"wp:attachment":[{"href":"https:\/\/relaxed-galois.46-30-124-30.plesk.page\/index.php?rest_route=%2Fwp%2Fv2%2Fmedia&parent=2422"}],"curies":[{"name":"wp","href":"https:\/\/api.w.org\/{rel}","templated":true}]}}