{"id":2424,"date":"2026-03-03T17:10:58","date_gmt":"2026-03-03T15:10:58","guid":{"rendered":"https:\/\/relaxed-galois.46-30-124-30.plesk.page\/?page_id=2424"},"modified":"2026-03-18T10:52:18","modified_gmt":"2026-03-18T08:52:18","slug":"velkommen-til-stoholm-if-gymnastik","status":"publish","type":"page","link":"https:\/\/relaxed-galois.46-30-124-30.plesk.page\/?page_id=2424","title":{"rendered":"Stoholm IF Gymnastik"},"content":{"rendered":"<p>Velkommen til Stoholm IF Gymnastik, hvem er vi?<br \/>\nSe fanen fjendsGF under v\u00e6rdier<\/p>\n<p>&nbsp;<\/p>\n<p>Se fanen fjendgf under bestyrelsen (Ditte skal ikke tages med, hun er ikke med i bestyrelsen)<br \/>\n<a href=\"https:\/\/fjends-gf.dk\/kontakt\/bestyrelse\/\">Bestyrelsen \u2013 Stoholm IF \u2013 Gymnastik (tidligere Fjends Gymnastikforening)<br \/>\n<\/a>Kontakt<br \/>\n<a href=\"mailto:fjendsgf@gmail.com\">E-mail<\/a><\/p>\n<p>Du er altid velkommen til at sende os en e-mail.<\/p>\n<p>For sp\u00f8rgsm\u00e5l omkring medlemskab og deltagelse p\u00e5 et af vores hold skriv til: <a href=\"mailto:medlem@fjends-gf.dk\">medlem@fjends-gf.dk<\/a><\/p>\n<p>For mere generelle henvendelser kan du skrive til vores hovedmail: <a href=\"mailto:fjendsgf@gmail.com\">fjendsgf@gmail.com<\/a><\/p>\n<h3><a href=\"https:\/\/m.me\/fjendsgf\">Messenger<\/a><\/h3>\n<p>Har du bare et hurtigt sp\u00f8rgm\u00e5l\u00a0 eller en god ide, er du ogs\u00e5 velkommen til at skrive til os p\u00e5 <a href=\"https:\/\/m.me\/fjendsgf\">Messenger<\/a>.<br \/>\nMen for l\u00e6ngere sp\u00f8rgsm\u00e5l eller henvendelser af mere officiel karakter henviser vi til vores e-mail.<\/p>\n<h3><a href=\"https:\/\/fb.me\/fjendsgf\">Facebook<\/a><\/h3>\n<p>Du kan ogs\u00e5 finde os p\u00e5 <a href=\"https:\/\/fb.me\/fjendsgf\">Facebook<\/a> (<a href=\"https:\/\/fb.me\/fjendsgf\">@fjendsgf<\/a>), hvor vi l\u00f8bende opdaterer med hvad der sker p\u00e5 i foreningen.<\/p>\n<h3>\u00a0<a href=\"https:\/\/www.instagram.com\/fjendsgf\/\">Instagram<\/a><\/h3>\n<p>Som noget nyt har vi f\u00e5et en <a href=\"https:\/\/www.instagram.com\/fjendsgf\/\">Instagramkonto<\/a> <a href=\"https:\/\/www.instagram.com\/fjendsgf\/\">@fjendsgf<\/a>, som du ogs\u00e5 er meget velkommen til at f\u00f8lge. Vi er stadig ved at bygge kontoen op, s\u00e5 der sker ikke s\u00e5 meget derinde endnu, men du er meget velkommen til f\u00f8lge os tage med os p\u00e5 rejsen og komme med gode r\u00e5d og \u00f8nsker til hvad du gerne vil se mere af.<\/p>\n<p>v\/Formand Sissel S. J\u00f8rgensen<\/p>\n<p>Tastumvej 13, 7850 Stoholm<\/p>\n<p>29 29 42 14<\/p>\n<p><a href=\"mailto:fjendsgf@gmail.com\">fjendsgf@gmail.com<\/a><\/p>\n<p>@fjendsgf<\/p>\n","protected":false},"excerpt":{"rendered":"<p>Velkommen til Stoholm IF Gymnastik, hvem er vi? Se fanen fjendsGF under v\u00e6rdier &nbsp; Se fanen fjendgf under bestyrelsen (Ditte skal ikke tages med, hun er ikke med i bestyrelsen) Bestyrelsen \u2013 Stoholm IF \u2013 Gymnastik (tidligere Fjends Gymnastikforening) Kontakt E-mail Du er altid velkommen til at sende os en e-mail. For sp\u00f8rgsm\u00e5l omkring medlemskab [&hellip;]<\/p>\n","protected":false},"author":4,"featured_media":1894,"parent":0,"menu_order":0,"comment_status":"closed","ping_status":"closed","template":"","meta":{"_et_pb_use_builder":"","_et_pb_old_content":"","_et_gb_content_width":"","footnotes":""},"class_list":["post-2424","page","type-page","status-publish","has-post-thumbnail","hentry"],"_links":{"self":[{"href":"https:\/\/relaxed-galois.46-30-124-30.plesk.page\/index.php?rest_route=\/wp\/v2\/pages\/2424","targetHints":{"allow":["GET"]}}],"collection":[{"href":"https:\/\/relaxed-galois.46-30-124-30.plesk.page\/index.php?rest_route=\/wp\/v2\/pages"}],"about":[{"href":"https:\/\/relaxed-galois.46-30-124-30.plesk.page\/index.php?rest_route=\/wp\/v2\/types\/page"}],"author":[{"embeddable":true,"href":"https:\/\/relaxed-galois.46-30-124-30.plesk.page\/index.php?rest_route=\/wp\/v2\/users\/4"}],"replies":[{"embeddable":true,"href":"https:\/\/relaxed-galois.46-30-124-30.plesk.page\/index.php?rest_route=%2Fwp%2Fv2%2Fcomments&post=2424"}],"version-history":[{"count":4,"href":"https:\/\/relaxed-galois.46-30-124-30.plesk.page\/index.php?rest_route=\/wp\/v2\/pages\/2424\/revisions"}],"predecessor-version":[{"id":2581,"href":"https:\/\/relaxed-galois.46-30-124-30.plesk.page\/index.php?rest_route=\/wp\/v2\/pages\/2424\/revisions\/2581"}],"wp:featuredmedia":[{"embeddable":true,"href":"https:\/\/relaxed-galois.46-30-124-30.plesk.page\/index.php?rest_route=\/wp\/v2\/media\/1894"}],"wp:attachment":[{"href":"https:\/\/relaxed-galois.46-30-124-30.plesk.page\/index.php?rest_route=%2Fwp%2Fv2%2Fmedia&parent=2424"}],"curies":[{"name":"wp","href":"https:\/\/api.w.org\/{rel}","templated":true}]}}