{"id":2429,"date":"2026-03-03T17:11:32","date_gmt":"2026-03-03T15:11:32","guid":{"rendered":"https:\/\/relaxed-galois.46-30-124-30.plesk.page\/?page_id=2429"},"modified":"2026-03-05T12:26:33","modified_gmt":"2026-03-05T10:26:33","slug":"traeningstider","status":"publish","type":"page","link":"https:\/\/relaxed-galois.46-30-124-30.plesk.page\/?page_id=2429","title":{"rendered":"Tr\u00e6ningstider"},"content":{"rendered":"<h2><strong>Tilmelding til s\u00e6son 2025\/2026 er \u00e5ben. Find dit hold herunder og tilmeld dig.<\/strong><\/h2>\n<p>Herunder kan du se en kort oversigt over holdene og klikke dig ind p\u00e5 holdene for at l\u00e6se mere om hvert enkelt hold og tilmelde dig selv eller dit barn til holdet.<\/p>\n<h2>V\u00e6ret med f\u00f8r?<\/h2>\n<p>Har dit barn g\u00e5et p\u00e5 et af vores hold et tidligere \u00e5r s\u00e5 siger vi velkommen tilbage og du kan g\u00e5 direkte til\u00a0<a href=\"https:\/\/fjends-gf.dk\/#Holdoversigt\">holdoversigten\u00a0<\/a>herunder og tilmelde dig med dit eksisterende login.<\/p>\n<div class=\"wp-block-columns has-2-columns\">\n<div class=\"wp-block-column\">\n<h2>2 pr\u00f8vegang<\/h2>\n<p>Som altid er der p\u00e5 vores hold 2 gratis pr\u00f8vegang, hvor man kan se om det er noget for en.<\/p>\n<p>Men af hensyn til bl.a. tr\u00e6nernes planl\u00e6gning og sikring af nok hj\u00e6lpetr\u00e6nere, vil vi gerne have at alle tilmelder sig fra f\u00f8rste tr\u00e6ningsgange. Skulle man s\u00e5 \u00f8nske at stoppe efter de 2 pr\u00f8vegange vil kontingentet blive refunderet af gymnastikforeningen.<\/p>\n<h2>Oprettelse af nye gymnaster<\/h2>\n<p>Er det f\u00f8rste gang du\/dit barn skal tilmeldes et hold skal du oprette en bruger i systemet for at du kan tilmelde dig selv eller dit barn.<\/p>\n<p>Det f\u00f8rste gang skal du f\u00f8rst klikke p\u00e5 \u201cOpret ny bruger\u201d herunder og oprette dig, hvorefter du vil modtage en e-mail med det brugernavn og adgangskode du skal bruge til at tilmelde dig eller dit barn til holdet.<\/p>\n<p><strong>Alle deltagere\/b\u00f8rn skal have deres egen profil, s\u00e5 har du f.eks. 2 b\u00f8rn skal de begge to oprettes som brugere.<\/strong><\/p>\n<p><a href=\"https:\/\/www.conventus.dk\/dataudv\/www\/new_tilmelding.php?foreningsid=3386&amp;gruppe=985329&amp;skjul_nyt_medlem=0&amp;skjul_allerede_medlem=1\" target=\"_blank\" rel=\"noopener\"><span style=\"text-decoration: underline;\"><strong>Opret nye brugere<\/strong><\/span><\/a><\/p>\n<div>\n<p><strong>TIP:<\/strong>\u00a0Hvis du opretter alle husstandens brugere med samme e-mailadresse og telefonnummer vil du fremover kunne v\u00e6lge mellem dem som forskellige profiler, n\u00e5r du skal tilmelde jer til et hold.<\/p>\n<\/div>\n<\/div>\n<\/div>\n","protected":false},"excerpt":{"rendered":"<p>Tilmelding til s\u00e6son 2025\/2026 er \u00e5ben. Find dit hold herunder og tilmeld dig. Herunder kan du se en kort oversigt over holdene og klikke dig ind p\u00e5 holdene for at l\u00e6se mere om hvert enkelt hold og tilmelde dig selv eller dit barn til holdet. V\u00e6ret med f\u00f8r? Har dit barn g\u00e5et p\u00e5 et af [&hellip;]<\/p>\n","protected":false},"author":4,"featured_media":1894,"parent":2424,"menu_order":0,"comment_status":"closed","ping_status":"closed","template":"","meta":{"_et_pb_use_builder":"","_et_pb_old_content":"","_et_gb_content_width":"","footnotes":""},"class_list":["post-2429","page","type-page","status-publish","has-post-thumbnail","hentry"],"_links":{"self":[{"href":"https:\/\/relaxed-galois.46-30-124-30.plesk.page\/index.php?rest_route=\/wp\/v2\/pages\/2429","targetHints":{"allow":["GET"]}}],"collection":[{"href":"https:\/\/relaxed-galois.46-30-124-30.plesk.page\/index.php?rest_route=\/wp\/v2\/pages"}],"about":[{"href":"https:\/\/relaxed-galois.46-30-124-30.plesk.page\/index.php?rest_route=\/wp\/v2\/types\/page"}],"author":[{"embeddable":true,"href":"https:\/\/relaxed-galois.46-30-124-30.plesk.page\/index.php?rest_route=\/wp\/v2\/users\/4"}],"replies":[{"embeddable":true,"href":"https:\/\/relaxed-galois.46-30-124-30.plesk.page\/index.php?rest_route=%2Fwp%2Fv2%2Fcomments&post=2429"}],"version-history":[{"count":3,"href":"https:\/\/relaxed-galois.46-30-124-30.plesk.page\/index.php?rest_route=\/wp\/v2\/pages\/2429\/revisions"}],"predecessor-version":[{"id":2569,"href":"https:\/\/relaxed-galois.46-30-124-30.plesk.page\/index.php?rest_route=\/wp\/v2\/pages\/2429\/revisions\/2569"}],"up":[{"embeddable":true,"href":"https:\/\/relaxed-galois.46-30-124-30.plesk.page\/index.php?rest_route=\/wp\/v2\/pages\/2424"}],"wp:featuredmedia":[{"embeddable":true,"href":"https:\/\/relaxed-galois.46-30-124-30.plesk.page\/index.php?rest_route=\/wp\/v2\/media\/1894"}],"wp:attachment":[{"href":"https:\/\/relaxed-galois.46-30-124-30.plesk.page\/index.php?rest_route=%2Fwp%2Fv2%2Fmedia&parent=2429"}],"curies":[{"name":"wp","href":"https:\/\/api.w.org\/{rel}","templated":true}]}}