{"id":2435,"date":"2026-03-03T17:12:12","date_gmt":"2026-03-03T15:12:12","guid":{"rendered":"https:\/\/relaxed-galois.46-30-124-30.plesk.page\/?page_id=2435"},"modified":"2026-03-18T10:52:26","modified_gmt":"2026-03-18T08:52:26","slug":"velkommen-til-stoholm-if-haandbold","status":"publish","type":"page","link":"https:\/\/relaxed-galois.46-30-124-30.plesk.page\/?page_id=2435","title":{"rendered":"Stoholm IF H\u00e5ndbold."},"content":{"rendered":"<p>Velkommen til Stoholm IF H\u00e5ndbold.<\/p>\n<p>Hos Stoholm IF H\u00e5ndbold v\u00e6gter vi den sportslige gl\u00e6de, hvor det skal v\u00e6re sjovt at spille h\u00e5ndbold. Vi er en lille klub som v\u00e6gter det sociale sammenspil og f\u00e6llesskab.<\/p>\n<p>Vi tilbyder h\u00e5ndbold p\u00e5 alle alderstrin p\u00e5 b\u00e5de pigesiden og drengesiden.<\/p>\n<p>I \u00e5rgangene fra U11-U19 har vi et samarbejde med M\u00f8nsted\/Spark\u00e6r H\u00e5ndbold som hedder Fjends HK. Fjends HK tr\u00e6ner og spiller i Stoholm Fritids- og Kulturcenter og \u00d8stfjendshallen.<\/p>\n<p>&nbsp;<\/p>\n<p>I senior afdelingen har vi b\u00e5de dame og herre hold i serier\u00e6kkerne og pt et herrehold i b\u00e5de 2. division og 3. division.<\/p>\n<p>&nbsp;<\/p>\n<p><strong>Stoholm IF\u2019s H\u00e5ndbold bestyrelse best\u00e5r af: <\/strong><\/p>\n<p>Formand \/ ungdomsansvarlig:<\/p>\n<p>Ren\u00e9 Fogtmann<\/p>\n<p>+mail og tlfnr<\/p>\n<p>&nbsp;<\/p>\n<p>N\u00e6stformand \/ senior ansvarlig:<\/p>\n<p>Berit Kristensen<\/p>\n<p>+mail og tlfnr<\/p>\n<p>&nbsp;<\/p>\n<p>Ungdomsansvarlig:<\/p>\n<p>Ketty Nielsen<\/p>\n<p>+mail og tlfnr<\/p>\n<p>&nbsp;<\/p>\n<p>Ungdomsansvarlig:<\/p>\n<p>Ren\u00e9 Jensen<\/p>\n<p>+mail og tlfnr<\/p>\n<p>&nbsp;<\/p>\n<p>Sekret\u00e6r \/ senior ansvarlig:<\/p>\n<p>Sofie Korup Jakobsen<\/p>\n<p>+mail og tlfnr<\/p>\n<p>&nbsp;<\/p>\n<p><strong>Job udenfor bestyrelsen:<\/strong><\/p>\n<p>Kampfordeler for SIF h\u00e5ndbold og M\/S h\u00e5ndbold:<\/p>\n<p>Flemming Pyro Engberg Jensen<\/p>\n<p>+mail og tlfnr<\/p>\n<p>&nbsp;<\/p>\n<p>Regnskabsf\u00f8rer:<\/p>\n<p>Henning Ryberg<\/p>\n<p>+mail og tlfnr<\/p>\n<p>&nbsp;<\/p>\n<p>Ude i siden:<\/p>\n<p>Link til Dansk H\u00e5ndbold og B\u00f8rnenes Ven (Hvis ikke b\u00f8rnenes ven ligger p\u00e5 forsiden)<\/p>\n","protected":false},"excerpt":{"rendered":"<p>Velkommen til Stoholm IF H\u00e5ndbold. Hos Stoholm IF H\u00e5ndbold v\u00e6gter vi den sportslige gl\u00e6de, hvor det skal v\u00e6re sjovt at spille h\u00e5ndbold. Vi er en lille klub som v\u00e6gter det sociale sammenspil og f\u00e6llesskab. Vi tilbyder h\u00e5ndbold p\u00e5 alle alderstrin p\u00e5 b\u00e5de pigesiden og drengesiden. I \u00e5rgangene fra U11-U19 har vi et samarbejde med M\u00f8nsted\/Spark\u00e6r [&hellip;]<\/p>\n","protected":false},"author":4,"featured_media":1894,"parent":0,"menu_order":0,"comment_status":"closed","ping_status":"closed","template":"","meta":{"_et_pb_use_builder":"","_et_pb_old_content":"","_et_gb_content_width":"","footnotes":""},"class_list":["post-2435","page","type-page","status-publish","has-post-thumbnail","hentry"],"_links":{"self":[{"href":"https:\/\/relaxed-galois.46-30-124-30.plesk.page\/index.php?rest_route=\/wp\/v2\/pages\/2435","targetHints":{"allow":["GET"]}}],"collection":[{"href":"https:\/\/relaxed-galois.46-30-124-30.plesk.page\/index.php?rest_route=\/wp\/v2\/pages"}],"about":[{"href":"https:\/\/relaxed-galois.46-30-124-30.plesk.page\/index.php?rest_route=\/wp\/v2\/types\/page"}],"author":[{"embeddable":true,"href":"https:\/\/relaxed-galois.46-30-124-30.plesk.page\/index.php?rest_route=\/wp\/v2\/users\/4"}],"replies":[{"embeddable":true,"href":"https:\/\/relaxed-galois.46-30-124-30.plesk.page\/index.php?rest_route=%2Fwp%2Fv2%2Fcomments&post=2435"}],"version-history":[{"count":3,"href":"https:\/\/relaxed-galois.46-30-124-30.plesk.page\/index.php?rest_route=\/wp\/v2\/pages\/2435\/revisions"}],"predecessor-version":[{"id":2582,"href":"https:\/\/relaxed-galois.46-30-124-30.plesk.page\/index.php?rest_route=\/wp\/v2\/pages\/2435\/revisions\/2582"}],"wp:featuredmedia":[{"embeddable":true,"href":"https:\/\/relaxed-galois.46-30-124-30.plesk.page\/index.php?rest_route=\/wp\/v2\/media\/1894"}],"wp:attachment":[{"href":"https:\/\/relaxed-galois.46-30-124-30.plesk.page\/index.php?rest_route=%2Fwp%2Fv2%2Fmedia&parent=2435"}],"curies":[{"name":"wp","href":"https:\/\/api.w.org\/{rel}","templated":true}]}}