{"id":2450,"date":"2026-03-03T17:13:15","date_gmt":"2026-03-03T15:13:15","guid":{"rendered":"https:\/\/relaxed-galois.46-30-124-30.plesk.page\/?page_id=2450"},"modified":"2026-03-04T15:56:57","modified_gmt":"2026-03-04T13:56:57","slug":"sjakket","status":"publish","type":"page","link":"https:\/\/relaxed-galois.46-30-124-30.plesk.page\/?page_id=2450","title":{"rendered":"Sjakket"},"content":{"rendered":"<p>I Stoholm IF H\u00e5ndbold er vi s\u00e5 heldige at have et hold frivillige kaldet Sjakket. Sjakket hj\u00e6lper til ved hjemmekampe for vores 2. division herre.<\/p>\n<p>Sjakket hj\u00e6lper til med alt fra at t\u00f8rre guld under kampe og g\u00f8re klar til kamp.<\/p>\n<p>Sjakket er en del af et f\u00e6llesskab i Stoholm IF H\u00e5ndbold.<\/p>\n<p>Her er der altid plads til ekstra h\u00e6nder p\u00e5 holdet, s\u00e5 t\u00f8v ikke med at kontakte John p\u00e5 ???<\/p>\n","protected":false},"excerpt":{"rendered":"<p>I Stoholm IF H\u00e5ndbold er vi s\u00e5 heldige at have et hold frivillige kaldet Sjakket. Sjakket hj\u00e6lper til ved hjemmekampe for vores 2. division herre. Sjakket hj\u00e6lper til med alt fra at t\u00f8rre guld under kampe og g\u00f8re klar til kamp. Sjakket er en del af et f\u00e6llesskab i Stoholm IF H\u00e5ndbold. Her er der [&hellip;]<\/p>\n","protected":false},"author":4,"featured_media":1894,"parent":2435,"menu_order":0,"comment_status":"closed","ping_status":"closed","template":"","meta":{"_et_pb_use_builder":"","_et_pb_old_content":"","_et_gb_content_width":"","footnotes":""},"class_list":["post-2450","page","type-page","status-publish","has-post-thumbnail","hentry"],"_links":{"self":[{"href":"https:\/\/relaxed-galois.46-30-124-30.plesk.page\/index.php?rest_route=\/wp\/v2\/pages\/2450","targetHints":{"allow":["GET"]}}],"collection":[{"href":"https:\/\/relaxed-galois.46-30-124-30.plesk.page\/index.php?rest_route=\/wp\/v2\/pages"}],"about":[{"href":"https:\/\/relaxed-galois.46-30-124-30.plesk.page\/index.php?rest_route=\/wp\/v2\/types\/page"}],"author":[{"embeddable":true,"href":"https:\/\/relaxed-galois.46-30-124-30.plesk.page\/index.php?rest_route=\/wp\/v2\/users\/4"}],"replies":[{"embeddable":true,"href":"https:\/\/relaxed-galois.46-30-124-30.plesk.page\/index.php?rest_route=%2Fwp%2Fv2%2Fcomments&post=2450"}],"version-history":[{"count":2,"href":"https:\/\/relaxed-galois.46-30-124-30.plesk.page\/index.php?rest_route=\/wp\/v2\/pages\/2450\/revisions"}],"predecessor-version":[{"id":2561,"href":"https:\/\/relaxed-galois.46-30-124-30.plesk.page\/index.php?rest_route=\/wp\/v2\/pages\/2450\/revisions\/2561"}],"up":[{"embeddable":true,"href":"https:\/\/relaxed-galois.46-30-124-30.plesk.page\/index.php?rest_route=\/wp\/v2\/pages\/2435"}],"wp:featuredmedia":[{"embeddable":true,"href":"https:\/\/relaxed-galois.46-30-124-30.plesk.page\/index.php?rest_route=\/wp\/v2\/media\/1894"}],"wp:attachment":[{"href":"https:\/\/relaxed-galois.46-30-124-30.plesk.page\/index.php?rest_route=%2Fwp%2Fv2%2Fmedia&parent=2450"}],"curies":[{"name":"wp","href":"https:\/\/api.w.org\/{rel}","templated":true}]}}