{"id":2543,"date":"2026-03-04T15:29:38","date_gmt":"2026-03-04T13:29:38","guid":{"rendered":"https:\/\/relaxed-galois.46-30-124-30.plesk.page\/?page_id=2543"},"modified":"2026-03-05T12:30:28","modified_gmt":"2026-03-05T10:30:28","slug":"vaerdier-og-foraeldresamarbejde","status":"publish","type":"page","link":"https:\/\/relaxed-galois.46-30-124-30.plesk.page\/?page_id=2543","title":{"rendered":"V\u00e6rdier og for\u00e6ldresamarbejde"},"content":{"rendered":"<h1>V\u00e6rdier<\/h1>\n<h3><strong>Fjends gymnastikforeningens v\u00e6rdigrundlag\u00a0<\/strong><\/h3>\n<p>Fjends gymnastikforening er en forening under udvikling og \u00f8nsker at v\u00e6re synlige og aktive i lokalsamfundet. Vi bygger p\u00e5 godt samv\u00e6r og den sociale f\u00e6llesskabsf\u00f8lelse. Vi s\u00f8ger inspiration udefra og henter hj\u00e6lp og sparring fra vores hovedorganisation, DGI. Vi fors\u00f8ger at afspejle tidens tendenser indenfor bev\u00e6gelse i vores aktivitetsudbud. Vi g\u00f8r det attraktivt at v\u00e6re frivillig instrukt\u00f8r, bestyrelsesmedlem og hj\u00e6lper til diverse aktiviteter, hvilket er en n\u00f8dvendighed for at have et velfungerende foreningsliv. Vi bevarer den lokale forankring og vore stolte traditioner samtidig med at vi har modet til at afpr\u00f8ve nye muligheder indenfor undervisning og ledelse af foreningen. Vi l\u00e6gger v\u00e6gt p\u00e5 at foreningslivet er pr\u00e6get af dialog, god omgangstone og tolerance. Der skal v\u00e6re \u00e5benhed, mulighed for indflydelse og sjovt at v\u00e6re med i Fjends GF.<\/p>\n<h3><strong>Fjends gymnastikforenings kernev\u00e6rdier<\/strong><\/h3>\n<p>Fjends GF arbejder ud fra f\u00f8lgende grundl\u00e6ggende kernev\u00e6rdier:<\/p>\n<h4><strong>Udvikling:<\/strong><\/h4>\n<p>Vi bestr\u00e6ber os p\u00e5 at der skal v\u00e6re tilbud for alle aldre, s\u00e5 alle har mulighed for at bev\u00e6gelse ind i hverdagen uanset alder og fysisk form\u00e5en. Alle foreningens aktiviteter har fysisk udfoldelse som omdrejningspunkt. Gennem den fysisk form\u00e5en \u00f8nsker foreningen at udvikle alle aldre, ogs\u00e5 personligt.<\/p>\n<h4><strong>F\u00e6llesskab:<\/strong><\/h4>\n<p>For Fjends GF handler det i h\u00f8j grad om f\u00e6llesskab. Motion er en\u00a0oplagt vej til at styrke det sociale f\u00e6llesskab mellem mennesker. Alle skal have mulighed for at v\u00e6re en givende del af f\u00e6llesskabet, og for Fjends GF er der ligev\u00e6rdig respekt for alle \u2013 uanset gymnastisk niveau.\u00a0Gode f\u00e6llesskaber opst\u00e5r, n\u00e5r alle yder en indsats og er rummelige overfor hinanden.\u00a0Det skal v\u00e6re sjovt, rart og hyggeligt at komme til motion, og vi\u00a0arbejder l\u00f8bende p\u00e5 at skabe\u00a0rammer der kan f\u00e5 de menneskelige f\u00e6llesskaber til at spire og gro p\u00e5 kryds og tv\u00e6rs af alder og k\u00f8n.<\/p>\n<h4><strong>Kvalitet:<\/strong><\/h4>\n<p>Vi v\u00e6gter en h\u00f8j kvalitet i undervisningen og det sker ved at instrukt\u00f8rerne er velkvalificerede og dermed rustet til opgaven med at undervise. Instrukt\u00f8rer giver dem \u00e6rlig, konstruktiv, anerkendende feedback og udvikler deres kompetencer inden for gymnastik uanset niveau.\u00a0 Instrukt\u00f8rerne er bevidste om betydningen af deres frivillige indsats i forhold til styrke ikke blot folkesundheden, men ogs\u00e5 f\u00e6llesskabet i et lokalt samfund.<\/p>\n<h1>For\u00e6ldresamarbejde i Fjends GF<\/h1>\n<h3>Fjends GFs forventninger til for\u00e6ldresamarbejde<\/h3>\n<p>En velfungerende forening fordrer engagerede for\u00e6ldre, der stiller krav og er villige til at st\u00f8tte op om foreningen.<\/p>\n<p>I Fjends GF ligges der v\u00e6gt p\u00e5, at for\u00e6ldrene er involveret i deres b\u00f8rns udvikling og st\u00f8tter denne, s\u00e5 de kan blive sociale og selvst\u00e6ndige.<\/p>\n<p>Det betyder, at for\u00e6ldre til b\u00f8rn i Fjends GF forventes at:<\/p>\n<ul>\n<li>V\u00e6re indstillede p\u00e5 en ligev\u00e6rdig og respektfuld kommunikation med tr\u00e6nere\/ instrukt\u00f8rer, udvalg og andre for\u00e6ldre. Samt have en \u00e5ben indstilling og v\u00e6re parate til at samarbejde konstruktivt med tr\u00e6nere\/instrukt\u00f8rer.<\/li>\n<li>Kontakte tr\u00e6neren som den f\u00f8rste s\u00e5 snart en beslutning giver anledning til undren\/sp\u00f8rgsm\u00e5l. Dialogen tages med den p\u00e5g\u00e6ldende tr\u00e6ner\/instrukt\u00f8r p\u00e5 et passende tidspunkt.<\/li>\n<li>Acceptere, at evt. uenigheder mellem for\u00e6ldre og tr\u00e6nere\/instrukt\u00f8rer fors\u00f8ges l\u00f8st imellem de voksne evt. i samarbejde med formanden for Fjends GF, uden direkte involvering af barnet.<\/li>\n<li>St\u00f8tte og deltage i holdets arrangementer, samt bakke op om \u00f8vrige arrangementer i foreningen.<\/li>\n<li>Altid tale positivt om holdets \u00f8vrige spillere\/gymnaster overfor egne b\u00f8rn.<\/li>\n<\/ul>\n<p>Ovenst\u00e5ende forventninger anses for at v\u00e6re vigtige, da for\u00e6ldrenes positive attitude overfor foreningen, de \u00f8vrige p\u00e5 holdene og de \u00f8vrige for\u00e6ldre giver deres eget barn den tryghed og tillid som er en v\u00e6sentlig foruds\u00e6tning for barnets trivsel og udvikling, mens det er tilknyttet et hold i Fjends GF.<\/p>\n","protected":false},"excerpt":{"rendered":"<p>V\u00e6rdier Fjends gymnastikforeningens v\u00e6rdigrundlag\u00a0 Fjends gymnastikforening er en forening under udvikling og \u00f8nsker at v\u00e6re synlige og aktive i lokalsamfundet. Vi bygger p\u00e5 godt samv\u00e6r og den sociale f\u00e6llesskabsf\u00f8lelse. Vi s\u00f8ger inspiration udefra og henter hj\u00e6lp og sparring fra vores hovedorganisation, DGI. Vi fors\u00f8ger at afspejle tidens tendenser indenfor bev\u00e6gelse i vores aktivitetsudbud. Vi g\u00f8r [&hellip;]<\/p>\n","protected":false},"author":4,"featured_media":1894,"parent":2424,"menu_order":0,"comment_status":"closed","ping_status":"closed","template":"","meta":{"_et_pb_use_builder":"","_et_pb_old_content":"","_et_gb_content_width":"","footnotes":""},"class_list":["post-2543","page","type-page","status-publish","has-post-thumbnail","hentry"],"_links":{"self":[{"href":"https:\/\/relaxed-galois.46-30-124-30.plesk.page\/index.php?rest_route=\/wp\/v2\/pages\/2543","targetHints":{"allow":["GET"]}}],"collection":[{"href":"https:\/\/relaxed-galois.46-30-124-30.plesk.page\/index.php?rest_route=\/wp\/v2\/pages"}],"about":[{"href":"https:\/\/relaxed-galois.46-30-124-30.plesk.page\/index.php?rest_route=\/wp\/v2\/types\/page"}],"author":[{"embeddable":true,"href":"https:\/\/relaxed-galois.46-30-124-30.plesk.page\/index.php?rest_route=\/wp\/v2\/users\/4"}],"replies":[{"embeddable":true,"href":"https:\/\/relaxed-galois.46-30-124-30.plesk.page\/index.php?rest_route=%2Fwp%2Fv2%2Fcomments&post=2543"}],"version-history":[{"count":3,"href":"https:\/\/relaxed-galois.46-30-124-30.plesk.page\/index.php?rest_route=\/wp\/v2\/pages\/2543\/revisions"}],"predecessor-version":[{"id":2571,"href":"https:\/\/relaxed-galois.46-30-124-30.plesk.page\/index.php?rest_route=\/wp\/v2\/pages\/2543\/revisions\/2571"}],"up":[{"embeddable":true,"href":"https:\/\/relaxed-galois.46-30-124-30.plesk.page\/index.php?rest_route=\/wp\/v2\/pages\/2424"}],"wp:featuredmedia":[{"embeddable":true,"href":"https:\/\/relaxed-galois.46-30-124-30.plesk.page\/index.php?rest_route=\/wp\/v2\/media\/1894"}],"wp:attachment":[{"href":"https:\/\/relaxed-galois.46-30-124-30.plesk.page\/index.php?rest_route=%2Fwp%2Fv2%2Fmedia&parent=2543"}],"curies":[{"name":"wp","href":"https:\/\/api.w.org\/{rel}","templated":true}]}}