{"id":2547,"date":"2026-03-04T15:30:02","date_gmt":"2026-03-04T13:30:02","guid":{"rendered":"https:\/\/relaxed-galois.46-30-124-30.plesk.page\/?page_id=2547"},"modified":"2026-03-05T12:33:23","modified_gmt":"2026-03-05T10:33:23","slug":"bestyrelsen-og-kontakt","status":"publish","type":"page","link":"https:\/\/relaxed-galois.46-30-124-30.plesk.page\/?page_id=2547","title":{"rendered":"Bestyrelsen og kontakt"},"content":{"rendered":"<section class=\"info_bar clearfix \">\n<section class=\"heading\">\n<h1>Kontakt<\/h1>\n<\/section>\n<section class=\"breadcrumb\">\n<div><span style=\"color: #333333; font-size: 22px;\">Fjends Gymnastik Forening<\/span><\/div>\n<\/section>\n<\/section>\n<div class=\"row clearfix\">\n<div class=\"box three \">\n<div class=\"space margin-b20\"><\/div>\n<ul class=\"with_icons light \" data-rt-animation-group=\"group\">\n<li class=\"box one first last fadeInDown animated\" data-rt-animate=\"animate\" data-rt-animation-type=\"fadeInDown\">v\/Formand Sissel S. J\u00f8rgensen<\/li>\n<li class=\"box one first last fadeInDown animated\" data-rt-animate=\"animate\" data-rt-animation-type=\"fadeInDown\">Tastumvej 13, 7850 Stoholm<\/li>\n<li class=\"box one first last fadeInDown animated\" data-rt-animate=\"animate\" data-rt-animation-type=\"fadeInDown\">29 29 42 14<\/li>\n<li class=\"box one first last fadeInDown animated\" data-rt-animate=\"animate\" data-rt-animation-type=\"fadeInDown\">fjendsgf@gmail.com<\/li>\n<li class=\"box one first last fadeInDown animated\" data-rt-animate=\"animate\" data-rt-animation-type=\"fadeInDown\">@fjendsgf<\/li>\n<li class=\"box one first last fadeInDown animated\" data-rt-animate=\"animate\" data-rt-animation-type=\"fadeInDown\">@fjendsgf<\/li>\n<\/ul>\n<\/div>\n<div class=\"box two-three \">\n<section id=\"text-box-334065-87711\" class=\"text_box fadeIn animated\" data-rt-animate=\"animate\" data-rt-animation-type=\"fadeIn\" data-rt-animation-group=\"single\"><\/section>\n<article id=\"content-box-334065-105497\" class=\"featured fadeInDown animated\" data-rt-animate=\"animate\" data-rt-animation-type=\"fadeInDown\" data-rt-animation-group=\"single\">\n<div class=\"caption \">\n<h3 class=\"featured_article_title with_left_icon \"><a title=\"E-mail\" href=\"mailto:fjendsgf@gmail.com\" target=\"_self\">E-mail<\/a><\/h3>\n<\/div>\n<p>Du er altid velkommen til at sende os en e-mail.<\/p>\n<p>For sp\u00f8rgm\u00e5l omkring medlemskab og deltagelse p\u00e5 et af vores hold skriv til:\u00a0<a href=\"mailto:medlem@fjends-gf.dk\">medlem@fjends-gf.dk<\/a><\/p>\n<p>For mere generelle henvendelser kan du skrive til vores hovedmail:\u00a0<a href=\"mailto:fjendsgf@gmail.com\">fjendsgf@gmail.com<\/a><\/p>\n<p>Vores kasser kan kontaktes p\u00e5:\u00a0<a href=\"mailto:kasserer@fjends-gf.dk\">kasserer@fjends-gf.dk<\/a><\/p>\n<p>Er der problemer med hjemmesiden kan du fange vores webmaster p\u00e5:\u00a0<a href=\"mailto:webmaster@fjends-gf.dk\">webmaster@fjends-gf.dk<\/a><\/p>\n<\/article>\n<article id=\"content-box-334065-59331\" class=\"featured fadeInDown animated\" data-rt-animate=\"animate\" data-rt-animation-type=\"fadeInDown\" data-rt-animation-group=\"single\">\n<div class=\"caption \">\n<h3 class=\"featured_article_title with_left_icon \"><a title=\"Messenger\" href=\"https:\/\/m.me\/fjendsgf\" target=\"_blank\" rel=\"noopener\">Messenger<\/a><\/h3>\n<\/div>\n<p>Har du bare et hurtigt sp\u00f8rgm\u00e5l\u00a0 eller en god ide, er du ogs\u00e5 velkommen til at skrive til os p\u00e5\u00a0<a href=\"https:\/\/m.me\/fjendsgf\" target=\"_blank\" rel=\"noopener\">Messenger<\/a>.<br \/>\nMen for l\u00e6ngere sp\u00f8rgsm\u00e5l eller henvendelser af mere officiel karakter henviser vi til vores e-mail.<\/p>\n<\/article>\n<article id=\"content-box-334065-48032\" class=\"featured fadeInDown animated\" data-rt-animate=\"animate\" data-rt-animation-type=\"fadeInDown\" data-rt-animation-group=\"single\">\n<div class=\"caption \">\n<h3 class=\"featured_article_title with_left_icon \"><a title=\"Facebook\" href=\"https:\/\/fb.me\/fjendsgf\" target=\"_blank\" rel=\"noopener\">Facebook<\/a><\/h3>\n<\/div>\n<p>Du kan ogs\u00e5 finde os p\u00e5\u00a0<a href=\"https:\/\/fb.me\/fjendsgf\" target=\"_blank\" rel=\"noopener\">Facebook<\/a>\u00a0(<a href=\"https:\/\/fb.me\/fjendsgf\" target=\"_blank\" rel=\"noopener\">@fjendsgf<\/a>), hvor vi l\u00f8bende opdaterer med hvad der sker p\u00e5 i foreningen.<\/p>\n<\/article>\n<article id=\"content-box-334065-24398\" class=\"featured fadeInDown animated\" data-rt-animate=\"animate\" data-rt-animation-type=\"fadeInDown\" data-rt-animation-group=\"single\">\n<div class=\"caption \">\n<h3 class=\"featured_article_title with_left_icon \"><a title=\"Instagram\" href=\"https:\/\/www.instagram.com\/fjendsgf\/\" target=\"_blank\" rel=\"noopener\">Instagram<\/a><\/h3>\n<\/div>\n<p>Som noget nyt har vi f\u00e5et en\u00a0<a href=\"https:\/\/www.instagram.com\/fjendsgf\/\" target=\"_blank\" rel=\"noopener\">Instagramkonto<\/a>\u00a0<a href=\"https:\/\/www.instagram.com\/fjendsgf\/\" target=\"_blank\" rel=\"noopener\">@fjendsgf<\/a>, som du ogs\u00e5 er meget velkommen til at f\u00f8lge. Vi er stadig ved at bygge kontoen op, s\u00e5 der sker ikke s\u00e5 meget derinde endnu, men du er meget velkommen til f\u00f8lge os tage med os p\u00e5 rejsen og komme med gode r\u00e5d og \u00f8nsker til hvad du gerne vil se mere af.<\/p>\n<\/article>\n<\/div>\n<\/div>\n","protected":false},"excerpt":{"rendered":"<p>Kontakt Fjends Gymnastik Forening v\/Formand Sissel S. J\u00f8rgensen Tastumvej 13, 7850 Stoholm 29 29 42 14 fjendsgf@gmail.com @fjendsgf @fjendsgf E-mail Du er altid velkommen til at sende os en e-mail. For sp\u00f8rgm\u00e5l omkring medlemskab og deltagelse p\u00e5 et af vores hold skriv til:\u00a0medlem@fjends-gf.dk For mere generelle henvendelser kan du skrive til vores hovedmail:\u00a0fjendsgf@gmail.com Vores kasser [&hellip;]<\/p>\n","protected":false},"author":4,"featured_media":1894,"parent":2424,"menu_order":0,"comment_status":"closed","ping_status":"closed","template":"","meta":{"_et_pb_use_builder":"","_et_pb_old_content":"","_et_gb_content_width":"","footnotes":""},"class_list":["post-2547","page","type-page","status-publish","has-post-thumbnail","hentry"],"_links":{"self":[{"href":"https:\/\/relaxed-galois.46-30-124-30.plesk.page\/index.php?rest_route=\/wp\/v2\/pages\/2547","targetHints":{"allow":["GET"]}}],"collection":[{"href":"https:\/\/relaxed-galois.46-30-124-30.plesk.page\/index.php?rest_route=\/wp\/v2\/pages"}],"about":[{"href":"https:\/\/relaxed-galois.46-30-124-30.plesk.page\/index.php?rest_route=\/wp\/v2\/types\/page"}],"author":[{"embeddable":true,"href":"https:\/\/relaxed-galois.46-30-124-30.plesk.page\/index.php?rest_route=\/wp\/v2\/users\/4"}],"replies":[{"embeddable":true,"href":"https:\/\/relaxed-galois.46-30-124-30.plesk.page\/index.php?rest_route=%2Fwp%2Fv2%2Fcomments&post=2547"}],"version-history":[{"count":2,"href":"https:\/\/relaxed-galois.46-30-124-30.plesk.page\/index.php?rest_route=\/wp\/v2\/pages\/2547\/revisions"}],"predecessor-version":[{"id":2574,"href":"https:\/\/relaxed-galois.46-30-124-30.plesk.page\/index.php?rest_route=\/wp\/v2\/pages\/2547\/revisions\/2574"}],"up":[{"embeddable":true,"href":"https:\/\/relaxed-galois.46-30-124-30.plesk.page\/index.php?rest_route=\/wp\/v2\/pages\/2424"}],"wp:featuredmedia":[{"embeddable":true,"href":"https:\/\/relaxed-galois.46-30-124-30.plesk.page\/index.php?rest_route=\/wp\/v2\/media\/1894"}],"wp:attachment":[{"href":"https:\/\/relaxed-galois.46-30-124-30.plesk.page\/index.php?rest_route=%2Fwp%2Fv2%2Fmedia&parent=2547"}],"curies":[{"name":"wp","href":"https:\/\/api.w.org\/{rel}","templated":true}]}}