{"id":2551,"date":"2026-03-04T15:30:29","date_gmt":"2026-03-04T13:30:29","guid":{"rendered":"https:\/\/relaxed-galois.46-30-124-30.plesk.page\/?page_id=2551"},"modified":"2026-03-04T15:30:36","modified_gmt":"2026-03-04T13:30:36","slug":"praktiske-oplysninger","status":"publish","type":"page","link":"https:\/\/relaxed-galois.46-30-124-30.plesk.page\/?page_id=2551","title":{"rendered":"Praktiske oplysninger"},"content":{"rendered":"<h3><strong>B\u00d8RNEATTESTER<\/strong><\/h3>\n<p>Gymnastikafdelingen indhenter hvert \u00e5r b\u00f8rneattester i henhold til g\u00e6ldende lovgivning for alle vores frivillige. Dette omfatter ogs\u00e5 instrukt\u00f8rer p\u00e5 voksenhold, selvom kravet om b\u00f8rneattest alene g\u00e6lder for personer, der tr\u00e6ner gymnaster under 15 \u00e5r.<\/p>\n<h2><strong>FORSIKRINGER<\/strong><\/h2>\n<p>Gymnastikafdelingen har ikke tegnet forsikringer for foreningens medlemmer. Gennem vores medlemskab i DGI er der dog visse forsikringsm\u00e6ssige d\u00e6kninger \u2013 men kun for instrukt\u00f8rer og bestyrelsesmedlemmer. Instrukt\u00f8rer under 15 \u00e5r er d\u00e6kket af den lovpligtige arbejdsskadeforsikring.<\/p>\n<p>Vi anbefaler derfor alle medlemmer at tegne en personlig ulykkesforsikring for at sikre sig bedst muligt.<\/p>\n<h2><strong>HANDELSBETINGELSER<\/strong><\/h2>\n<p>Ved online tilmelding via Conventus g\u00e6lder f\u00f8lgende handelsbetingelser:<\/p>\n<ul>\n<li>Der ydes fortrydelsesret frem til efter anden tr\u00e6ningsgang, dog mindst 14 dage, medmindre andet fremg\u00e5r af holdbeskrivelsen.<\/li>\n<li>Ved framelding senest dagen efter anden tr\u00e6ningsgang refunderes det fulde bel\u00f8b. Efter dette tidspunkt kan tilbagebetaling kun ske i s\u00e6rlige tilf\u00e6lde og kun efter aftale med formanden.<\/li>\n<li>Framelding skal ske skriftligt p\u00e5 mail: <a href=\"mailto:fjendsgf@gmail.com\"><strong>fjendsgf@gmail.com<\/strong><\/a><\/li>\n<li>Hvis et hold ikke oprettes, tilbagebetales hele det indbetalte bel\u00f8b.<\/li>\n<li>Der modtages betaling med <strong>Dankort og Visa\/Dankort<\/strong>.<\/li>\n<\/ul>\n<p>Ved tilmelding giver du samtidig samtykke til, at gymnastikafdelingen m\u00e5 anvende billeder fra tr\u00e6ning og opvisninger p\u00e5 vores hjemmeside.<\/p>\n<h2><strong>PRIVATLIVSPOLITIK<\/strong><\/h2>\n<p>Vi behandler personoplysninger efter g\u00e6ldende lovning, kort fortalt hvordan vi sikrer en fair og gennemsigtig behandling af dine data. Vi behandler kun personoplysninger til klart definerede form\u00e5l og ud fra legitime interesser. Vi indsamler kun oplysninger, der er relevante og n\u00f8dvendige, og vi sletter dem, n\u00e5r de ikke l\u00e6ngere er p\u00e5kr\u00e6vede.<\/p>\n","protected":false},"excerpt":{"rendered":"<p>B\u00d8RNEATTESTER Gymnastikafdelingen indhenter hvert \u00e5r b\u00f8rneattester i henhold til g\u00e6ldende lovgivning for alle vores frivillige. Dette omfatter ogs\u00e5 instrukt\u00f8rer p\u00e5 voksenhold, selvom kravet om b\u00f8rneattest alene g\u00e6lder for personer, der tr\u00e6ner gymnaster under 15 \u00e5r. FORSIKRINGER Gymnastikafdelingen har ikke tegnet forsikringer for foreningens medlemmer. Gennem vores medlemskab i DGI er der dog visse forsikringsm\u00e6ssige d\u00e6kninger [&hellip;]<\/p>\n","protected":false},"author":4,"featured_media":1894,"parent":2424,"menu_order":0,"comment_status":"closed","ping_status":"closed","template":"","meta":{"_et_pb_use_builder":"","_et_pb_old_content":"","_et_gb_content_width":"","footnotes":""},"class_list":["post-2551","page","type-page","status-publish","has-post-thumbnail","hentry"],"_links":{"self":[{"href":"https:\/\/relaxed-galois.46-30-124-30.plesk.page\/index.php?rest_route=\/wp\/v2\/pages\/2551","targetHints":{"allow":["GET"]}}],"collection":[{"href":"https:\/\/relaxed-galois.46-30-124-30.plesk.page\/index.php?rest_route=\/wp\/v2\/pages"}],"about":[{"href":"https:\/\/relaxed-galois.46-30-124-30.plesk.page\/index.php?rest_route=\/wp\/v2\/types\/page"}],"author":[{"embeddable":true,"href":"https:\/\/relaxed-galois.46-30-124-30.plesk.page\/index.php?rest_route=\/wp\/v2\/users\/4"}],"replies":[{"embeddable":true,"href":"https:\/\/relaxed-galois.46-30-124-30.plesk.page\/index.php?rest_route=%2Fwp%2Fv2%2Fcomments&post=2551"}],"version-history":[{"count":2,"href":"https:\/\/relaxed-galois.46-30-124-30.plesk.page\/index.php?rest_route=\/wp\/v2\/pages\/2551\/revisions"}],"predecessor-version":[{"id":2553,"href":"https:\/\/relaxed-galois.46-30-124-30.plesk.page\/index.php?rest_route=\/wp\/v2\/pages\/2551\/revisions\/2553"}],"up":[{"embeddable":true,"href":"https:\/\/relaxed-galois.46-30-124-30.plesk.page\/index.php?rest_route=\/wp\/v2\/pages\/2424"}],"wp:featuredmedia":[{"embeddable":true,"href":"https:\/\/relaxed-galois.46-30-124-30.plesk.page\/index.php?rest_route=\/wp\/v2\/media\/1894"}],"wp:attachment":[{"href":"https:\/\/relaxed-galois.46-30-124-30.plesk.page\/index.php?rest_route=%2Fwp%2Fv2%2Fmedia&parent=2551"}],"curies":[{"name":"wp","href":"https:\/\/api.w.org\/{rel}","templated":true}]}}