{"id":26,"date":"2023-09-22T20:05:16","date_gmt":"2023-09-22T18:05:16","guid":{"rendered":"https:\/\/relaxed-galois.46-30-124-30.plesk.page\/?page_id=26"},"modified":"2026-03-04T09:33:20","modified_gmt":"2026-03-04T07:33:20","slug":"forsiden","status":"publish","type":"page","link":"https:\/\/relaxed-galois.46-30-124-30.plesk.page\/","title":{"rendered":"Forside"},"content":{"rendered":"<p><strong>Stoholm Idr\u00e6tsforening<\/strong> er en lokal paraplyforening, der samler flere idr\u00e6tsgrene under \u00e9n f\u00e6lles organisation. Vi arbejder for at skabe gode rammer for idr\u00e6t, f\u00e6llesskab og frivillighed i Stoholm og omegn.<\/p>\n<p>Foreningen best\u00e5r af f\u00f8lgende afdelinger:<\/p>\n<ul>\n<li><strong>Gymnastik<\/strong><\/li>\n<li><strong>H\u00e5ndbold<\/strong><\/li>\n<li><strong>Atletik<\/strong><\/li>\n<li><strong>Fodbold<\/strong><\/li>\n<\/ul>\n<p>Hver afdeling har sin egen bestyrelse og forretningsorden, som sikrer lokal forankring og fleksibilitet i den daglige drift. Samtidig er vi samlet under \u00e9n f\u00e6lles vedt\u00e6gt, der danner grundlaget for samarbejde, f\u00e6lles v\u00e6rdier og en st\u00e6rk organisatorisk struktur.<\/p>\n<p>Vi tror p\u00e5, at f\u00e6llesskab og engagement er n\u00f8glen til et aktivt idr\u00e6tsliv \u2013 og vi arbejder hver dag for at skabe gode oplevelser for b\u00e5de b\u00f8rn, unge og voksne.<\/p>\n<h3><strong>Vores mission<\/strong><\/h3>\n<p><strong>Stoholm Idr\u00e6tsforening arbejder for at fremme idr\u00e6tsgl\u00e6de, f\u00e6llesskab og frivillighed i lokalomr\u00e5det.<\/strong><\/p>\n<p>Vi skaber inkluderende og inspirerende rammer, hvor b\u00f8rn, unge og voksne kan udvikle sig gennem bev\u00e6gelse, samv\u00e6r og engagement \u2013 p\u00e5 tv\u00e6rs af idr\u00e6tsgrene og generationer.<\/p>\n<p>&nbsp;<\/p>\n<p>Pr\u00e6sentation af hovedbestyrelsen i Stoholm Idr\u00e6tsforening<br \/>\nLouise Nygaard Pedersen (formand)<br \/>\nTrine Karlsen (n\u00e6stformand)<br \/>\nLine Barbara Pedersen (sekret\u00e6r)<br \/>\nBirte Lund (bestyrelsesmedlem)<br \/>\nKathy Meins (kassere)<\/p>\n","protected":false},"excerpt":{"rendered":"<p>Lorem ipsum dolor sit amet, consectetur adipiscing elit, sed do eiusmod tempor incididunt ut labore et dolore magna aliqua. Ut enim ad minim veniam, quis nostrud exercitation ullamco laboris nisi ut aliquip ex ea commodo consequat. Duis aute irure dolor in reprehenderit in voluptate velit esse cillum dolore eu fugiat nulla pariatur. Excepteur sint occaecat cupidatat non proident, sunt in culpa qui officia deserunt mollit anim id est laborum.<\/p>\n","protected":false},"author":2,"featured_media":1893,"parent":0,"menu_order":0,"comment_status":"closed","ping_status":"closed","template":"","meta":{"_et_pb_use_builder":"off","_et_pb_old_content":"","_et_gb_content_width":"","footnotes":""},"class_list":["post-26","page","type-page","status-publish","has-post-thumbnail","hentry"],"_links":{"self":[{"href":"https:\/\/relaxed-galois.46-30-124-30.plesk.page\/index.php?rest_route=\/wp\/v2\/pages\/26","targetHints":{"allow":["GET"]}}],"collection":[{"href":"https:\/\/relaxed-galois.46-30-124-30.plesk.page\/index.php?rest_route=\/wp\/v2\/pages"}],"about":[{"href":"https:\/\/relaxed-galois.46-30-124-30.plesk.page\/index.php?rest_route=\/wp\/v2\/types\/page"}],"author":[{"embeddable":true,"href":"https:\/\/relaxed-galois.46-30-124-30.plesk.page\/index.php?rest_route=\/wp\/v2\/users\/2"}],"replies":[{"embeddable":true,"href":"https:\/\/relaxed-galois.46-30-124-30.plesk.page\/index.php?rest_route=%2Fwp%2Fv2%2Fcomments&post=26"}],"version-history":[{"count":9,"href":"https:\/\/relaxed-galois.46-30-124-30.plesk.page\/index.php?rest_route=\/wp\/v2\/pages\/26\/revisions"}],"predecessor-version":[{"id":2491,"href":"https:\/\/relaxed-galois.46-30-124-30.plesk.page\/index.php?rest_route=\/wp\/v2\/pages\/26\/revisions\/2491"}],"wp:featuredmedia":[{"embeddable":true,"href":"https:\/\/relaxed-galois.46-30-124-30.plesk.page\/index.php?rest_route=\/wp\/v2\/media\/1893"}],"wp:attachment":[{"href":"https:\/\/relaxed-galois.46-30-124-30.plesk.page\/index.php?rest_route=%2Fwp%2Fv2%2Fmedia&parent=26"}],"curies":[{"name":"wp","href":"https:\/\/api.w.org\/{rel}","templated":true}]}}